{"id":1372,"date":"2020-03-30T18:51:52","date_gmt":"2020-03-30T18:51:52","guid":{"rendered":"http:\/\/walksafe.ssmu.ca\/?page_id=1372"},"modified":"2022-12-15T00:28:45","modified_gmt":"2022-12-15T05:28:45","slug":"resources","status":"publish","type":"page","link":"https:\/\/walksafe.ssmu.ca\/fr\/resources\/","title":{"rendered":"Ressources chez McGill"},"content":{"rendered":"<div class=\"wp-block-group alignfull has-background\" style=\"background-color:#d12326\"><div class=\"wp-block-group__inner-container is-layout-flow wp-block-group-is-layout-flow\">\n<div class=\"wp-block-columns alignfull is-layout-flex wp-container-core-columns-is-layout-9d6595d7 wp-block-columns-is-layout-flex\">\n<div class=\"wp-block-column is-layout-flow wp-block-column-is-layout-flow\" style=\"flex-basis:10%\"><\/div>\n\n\n\n<div class=\"wp-block-column is-layout-flow wp-block-column-is-layout-flow\" style=\"flex-basis:80%\">\n<h4 class=\"has-text-align-center wp-block-heading\"><strong><span style=\"color: #ffffff;\">Montr\u00e9al est une \u00eele, mais vous n'avez pas \u00e0 l'\u00eatre aussi. <\/span><br><span style=\"color: #ffffff;\">Voici une liste des ressources du campus de McGill.<\/span>&nbsp;<\/strong><\/h4>\n\n\n\n<p><\/p>\n<\/div>\n\n\n\n<div class=\"wp-block-column is-layout-flow wp-block-column-is-layout-flow\" style=\"flex-basis:10%\"><\/div>\n<\/div>\n<\/div><\/div>\n\n\n\n<div style=\"height:46px\" aria-hidden=\"true\" class=\"wp-block-spacer\"><\/div>\n\n\n\n<div class=\"alignfull wp-block-ugb-card ugb-card ugb-d1fc8a7 ugb-card--v2 ugb-card--design-basic ugb-card--columns-2 ugb-main-block ugb-main-block--inner-full ugb--has-block-background\"><style>.ugb-d1fc8a7 .ugb-card__item{border-radius:6px !important}.ugb-d1fc8a7 .ugb-card__item1 .ugb-card__image{background-image:url(http:\/\/walksafe.ssmu.ca\/wp-content\/uploads\/2022\/12\/Screen-Shot-2022-12-15-at-12.07.16-AM-1024x516.png)}.ugb-d1fc8a7 .ugb-card__item2 .ugb-card__image{background-image:url(http:\/\/walksafe.ssmu.ca\/wp-content\/uploads\/2022\/12\/Screen-Shot-2022-12-15-at-12.05.54-AM-1024x472.png)}.ugb-d1fc8a7 .ugb-card__title{font-size:28px !important;color:var(--stk-global-color-52325,#111111) !important}.ugb-d1fc8a7 .ugb-button .ugb-button--inner{font-family:\"Source Sans Pro\",Sans-serif !important;font-size:18px !important}.ugb-d1fc8a7 .ugb-button{background-color:#cf2e2e}.ugb-d1fc8a7 .ugb-button .ugb-button--inner,.ugb-d1fc8a7 .ugb-button svg:not(.ugb-custom-icon){color:var(--stk-global-color-4615,#ffffff) !important}.ugb-d1fc8a7 .ugb-button:hover .ugb-button--inner,.ugb-d1fc8a7 .ugb-button:hover svg:not(.ugb-custom-icon){color:#ffffff !important}.ugb-d1fc8a7 .ugb-button:hover{background-color:var(--stk-global-color-40036,#00473d);opacity:1}.ugb-d1fc8a7 .ugb-button.ugb-button--has-icon.ugb-button--has-icon svg{width:14px;height:14px}.ugb-d1fc8a7.ugb-card{min-height:1px;background-color:var(--stk-global-color-4615,#ffffff)}.ugb-d1fc8a7.ugb-card:before{background-color:var(--stk-global-color-4615,#ffffff)}@media screen and (min-width:768px){.ugb-d1fc8a7.ugb-card{margin-top:-65px !important;padding-top:40px !important;padding-right:35px !important;padding-left:35px !important}}@media screen and (-ms-high-contrast:active),screen and (-ms-high-contrast:none){.ugb-d1fc8a7.ugb-card{height:1px}}<\/style><div class=\"ugb-inner-block ugb-inner-block--full\"><div class=\"ugb-block-content\"><div class=\"ugb-card__item ugb-card__item1 ugb--shadow-5\"><div class=\"ugb-card__image\"><\/div><div class=\"ugb-card__content\"><h5 class=\"ugb-card__title\">McGill Security<\/h5><p class=\"ugb-card__description\">Nous offrons nos services 24 heures sur 24 \u00e0 tous les membres de la communaut\u00e9 McGill. Nos agents patrouillent sur le campus, g\u00e8rent l'acc\u00e8s, transportent les \u00e9tudiants et le personnel en situation de handicap, ainsi que r\u00e9pondent aux incidents et urgences.<br><br>Courriel (Campus du centre-ville) : campus.security@mcgill.ca<br>Courriel (Campus Macdonald) : macdonald.security@mcgill.ca<\/p><div class=\"ugb-button-container\"><a class=\"ugb-button ugb-button--size-normal ugb-button--has-icon ugb-button--icon-position-right\" href=\"https:\/\/www.mcgill.ca\/campussafety\/security-services\" target=\"_blank\" rel=\"noopener noreferrer\" title=\"\"><div class=\"ugb-icon-inner-svg\"><svg data-prefix=\"fas\" data-icon=\"arrow-right\" class=\"svg-inline--fa fa-arrow-right fa-w-14\" role=\"img\" xmlns=\"http:\/\/www.w3.org\/2000\/svg\" viewbox=\"0 0 448 512\"><path fill=\"currentColor\" d=\"M190.5 66.9l22.2-22.2c9.4-9.4 24.6-9.4 33.9 0L441 239c9.4 9.4 9.4 24.6 0 33.9L246.6 467.3c-9.4 9.4-24.6 9.4-33.9 0l-22.2-22.2c-9.5-9.5-9.3-25 .4-34.3L311.4 296H24c-13.3 0-24-10.7-24-24v-32c0-13.3 10.7-24 24-24h287.4L190.9 101.2c-9.8-9.3-10-24.8-.4-34.3z\"><\/path><\/svg><\/div><span class=\"ugb-button--inner\">Voir plus<\/span><\/a><\/div><\/div><\/div><div class=\"ugb-card__item ugb-card__item2 ugb--shadow-5\"><div class=\"ugb-card__image\"><\/div><div class=\"ugb-card__content\"><h5 class=\"ugb-card__title\">SSMU DriveSafe<\/h5><p class=\"ugb-card__description\">Un service b\u00e9n\u00e9vole g\u00e9r\u00e9 par l'A\u00c9UM. Nos b\u00e9n\u00e9voles conduisent les \u00e9tudiants en toute s\u00e9curit\u00e9 jusqu'\u00e0 chez eux sur l'\u00eele de Montr\u00e9al.<br><br>Notre service a lieu les jeudis, vendredis et samedis soirs de 23 h 00 \u00e0 3 h 00. Pour obtenir un transport, appelez notre centrale au 514-398-8040 ou si vous voyez notre voiture, n'h\u00e9sitez pas \u00e0 l'arr\u00eater et \u00e0 indiquer votre destination.<\/p><div class=\"ugb-button-container\"><a class=\"ugb-button ugb-button--size-normal ugb-button--has-icon ugb-button--icon-position-right\" href=\"http:\/\/drivesafe.ssmu.ca\" target=\"_blank\" rel=\"noopener noreferrer\" title=\"\"><div class=\"ugb-icon-inner-svg\"><svg data-prefix=\"fas\" data-icon=\"arrow-right\" class=\"svg-inline--fa fa-arrow-right fa-w-14\" role=\"img\" xmlns=\"http:\/\/www.w3.org\/2000\/svg\" viewbox=\"0 0 448 512\"><path fill=\"currentColor\" d=\"M190.5 66.9l22.2-22.2c9.4-9.4 24.6-9.4 33.9 0L441 239c9.4 9.4 9.4 24.6 0 33.9L246.6 467.3c-9.4 9.4-24.6 9.4-33.9 0l-22.2-22.2c-9.5-9.5-9.3-25 .4-34.3L311.4 296H24c-13.3 0-24-10.7-24-24v-32c0-13.3 10.7-24 24-24h287.4L190.9 101.2c-9.8-9.3-10-24.8-.4-34.3z\"><\/path><\/svg><\/div><span class=\"ugb-button--inner\">Voir plus<\/span><\/a><\/div><\/div><\/div><\/div><\/div><\/div>\n\n\n\n<div class=\"alignfull wp-block-ugb-card ugb-card ugb-b26bd7b ugb-card--v2 ugb-card--design-basic ugb-card--columns-2 ugb-main-block ugb-main-block--inner-full ugb--has-block-background\"><style>.ugb-b26bd7b .ugb-card__item{border-radius:6px !important}.ugb-b26bd7b .ugb-card__item1 .ugb-card__image{background-image:url(http:\/\/walksafe.ssmu.ca\/wp-content\/uploads\/2022\/12\/Screen-Shot-2022-12-15-at-12.08.22-AM-1024x515.png)}.ugb-b26bd7b .ugb-card__item2 .ugb-card__image{background-image:url(http:\/\/walksafe.ssmu.ca\/wp-content\/uploads\/2022\/12\/240155450_5833681353368540_3989393409269998214_n.png)}.ugb-b26bd7b .ugb-card__title{font-size:28px !important;color:var(--stk-global-color-52325,#111111) !important}.ugb-b26bd7b .ugb-button .ugb-button--inner{font-family:\"Source Sans Pro\",Sans-serif !important;font-size:18px !important}.ugb-b26bd7b .ugb-button{background-color:#cf2e2e}.ugb-b26bd7b .ugb-button .ugb-button--inner,.ugb-b26bd7b .ugb-button svg:not(.ugb-custom-icon){color:var(--stk-global-color-4615,#ffffff) !important}.ugb-b26bd7b .ugb-button:hover .ugb-button--inner,.ugb-b26bd7b .ugb-button:hover svg:not(.ugb-custom-icon){color:#ffffff !important}.ugb-b26bd7b .ugb-button:hover{background-color:var(--stk-global-color-40036,#00473d);opacity:1}.ugb-b26bd7b .ugb-button.ugb-button--has-icon.ugb-button--has-icon svg{width:14px;height:14px}.ugb-b26bd7b.ugb-card{background-color:var(--stk-global-color-4615,#ffffff)}.ugb-b26bd7b.ugb-card:before{background-color:var(--stk-global-color-4615,#ffffff)}@media screen and (min-width:768px){.ugb-b26bd7b.ugb-card{margin-top:-65px !important;padding-top:40px !important;padding-right:35px !important;padding-left:35px !important}}<\/style><div class=\"ugb-inner-block ugb-inner-block--full\"><div class=\"ugb-block-content\"><div class=\"ugb-card__item ugb-card__item1 ugb--shadow-5\"><div class=\"ugb-card__image\"><\/div><div class=\"ugb-card__content\"><h5 class=\"ugb-card__title\">MSERT<\/h5><p class=\"ugb-card__description\">L'\u00c9quipe \u00e9tudiante d'intervention d'urgence de McGill est un service b\u00e9n\u00e9vole g\u00e9r\u00e9 par des \u00e9tudiants et soutenu par l'Association \u00e9tudiante de l'Universit\u00e9 McGill (A\u00c9UM). Notre mission est d'offrir des services de premiers soins gratuits et accessibles \u00e0 l'Universit\u00e9 McGill et \u00e0 la communaut\u00e9 du Grand Montr\u00e9al. Notre \u00e9quipe est compos\u00e9e de plus de 60 b\u00e9n\u00e9voles d\u00e9vou\u00e9s, certifi\u00e9s premiers intervenants par la Croix-Rouge canadienne. Nous disposons d'une vaste gamme de mat\u00e9riel de premiers soins, notamment des d\u00e9fibrillateurs externes automatis\u00e9s, des bouteilles d'oxyg\u00e8ne, des colliers cervicaux et des EpiPen, et nous op\u00e9rons selon des protocoles reconnus \u00e0 l'\u00e9chelle nationale. <br><br>Nous intervenons dans toutes les r\u00e9sidences de McGill, \u00e0 l'exception de la r\u00e9sidence Solin, entre 18 h et 18 h. En tant que partenaire officiel de formation de la Croix-Rouge canadienne, nous souhaitons diffuser les connaissances et les comp\u00e9tences en secourisme aupr\u00e8s du public en offrant des cours et des certifications en secourisme.<br><br><strong>Email:<\/strong> <a href=\"mailto:msert.firstaid@gmail.com\">msert.firstaid@gmail.com<\/a><\/p><div class=\"ugb-button-container\"><a class=\"ugb-button ugb-button--size-normal ugb-button--has-icon ugb-button--icon-position-right\" href=\"http:\/\/msert.ca\" target=\"_blank\" rel=\"noopener noreferrer\" title=\"\"><div class=\"ugb-icon-inner-svg\"><svg data-prefix=\"fas\" data-icon=\"arrow-right\" class=\"svg-inline--fa fa-arrow-right fa-w-14\" role=\"img\" xmlns=\"http:\/\/www.w3.org\/2000\/svg\" viewbox=\"0 0 448 512\"><path fill=\"currentColor\" d=\"M190.5 66.9l22.2-22.2c9.4-9.4 24.6-9.4 33.9 0L441 239c9.4 9.4 9.4 24.6 0 33.9L246.6 467.3c-9.4 9.4-24.6 9.4-33.9 0l-22.2-22.2c-9.5-9.5-9.3-25 .4-34.3L311.4 296H24c-13.3 0-24-10.7-24-24v-32c0-13.3 10.7-24 24-24h287.4L190.9 101.2c-9.8-9.3-10-24.8-.4-34.3z\"><\/path><\/svg><\/div><span class=\"ugb-button--inner\">Voir plus<\/span><\/a><\/div><\/div><\/div><div class=\"ugb-card__item ugb-card__item2 ugb--shadow-5\"><div class=\"ugb-card__image\"><\/div><div class=\"ugb-card__content\"><h5 class=\"ugb-card__title\">Nightline<\/h5><p class=\"ugb-card__description\">La Ligne de nuit des \u00e9tudiants de McGill est un service d'\u00e9coute confidentiel, anonyme et sans jugement, g\u00e9r\u00e9 par des \u00e9tudiants de McGill. Nos b\u00e9n\u00e9voles offrent diverses formes de soutien, allant du partage de votre journ\u00e9e \u00e0 l'information, en passant par la gestion de crise et l'orientation vers des ressources, etc. Ce service anglophone est en activit\u00e9 depuis 1984 et est ouvert tous les soirs des semestres d'automne et d'hiver, de 18 h \u00e0 3 h.<br><br><strong>Email: <\/strong><a href=\"mailto:nightlineexternal@gmail.com\">nightlineexternal@gmail.com<\/a><\/p><div class=\"ugb-button-container\"><a class=\"ugb-button ugb-button--size-normal ugb-button--has-icon ugb-button--icon-position-right\" href=\"http:\/\/nightline.ssmu.ca\" target=\"_blank\" rel=\"noopener noreferrer\" title=\"\"><div class=\"ugb-icon-inner-svg\"><svg data-prefix=\"fas\" data-icon=\"arrow-right\" class=\"svg-inline--fa fa-arrow-right fa-w-14\" role=\"img\" xmlns=\"http:\/\/www.w3.org\/2000\/svg\" viewbox=\"0 0 448 512\"><path fill=\"currentColor\" d=\"M190.5 66.9l22.2-22.2c9.4-9.4 24.6-9.4 33.9 0L441 239c9.4 9.4 9.4 24.6 0 33.9L246.6 467.3c-9.4 9.4-24.6 9.4-33.9 0l-22.2-22.2c-9.5-9.5-9.3-25 .4-34.3L311.4 296H24c-13.3 0-24-10.7-24-24v-32c0-13.3 10.7-24 24-24h287.4L190.9 101.2c-9.8-9.3-10-24.8-.4-34.3z\"><\/path><\/svg><\/div><span class=\"ugb-button--inner\">Voir plus<\/span><\/a><\/div><\/div><\/div><\/div><\/div><\/div>\n\n\n\n<div class=\"alignfull wp-block-ugb-card ugb-card ugb-60cb923 ugb-card--v2 ugb-card--design-basic ugb-card--columns-2 ugb-main-block ugb-main-block--inner-full ugb--has-block-background\"><style>.ugb-60cb923 .ugb-card__item{border-radius:6px !important}.ugb-60cb923 .ugb-card__item1 .ugb-card__image{background-image:url(http:\/\/walksafe.ssmu.ca\/wp-content\/uploads\/2022\/12\/Screen-Shot-2022-12-15-at-12.23.10-AM-1024x442.png)}.ugb-60cb923 .ugb-card__item2 .ugb-card__image{background-image:url(http:\/\/walksafe.ssmu.ca\/wp-content\/uploads\/2022\/12\/Screen-Shot-2022-12-15-at-12.21.52-AM-1024x427.png)}.ugb-60cb923 .ugb-card__title{font-size:28px !important;color:var(--stk-global-color-52325,#111111) !important}.ugb-60cb923 .ugb-button .ugb-button--inner{font-family:\"Source Sans Pro\",Sans-serif !important;font-size:18px !important}.ugb-60cb923 .ugb-button{background-color:#cf2e2e}.ugb-60cb923 .ugb-button .ugb-button--inner,.ugb-60cb923 .ugb-button svg:not(.ugb-custom-icon){color:var(--stk-global-color-4615,#ffffff) !important}.ugb-60cb923 .ugb-button:hover .ugb-button--inner,.ugb-60cb923 .ugb-button:hover svg:not(.ugb-custom-icon){color:#ffffff !important}.ugb-60cb923 .ugb-button:hover{background-color:var(--stk-global-color-40036,#00473d);opacity:1}.ugb-60cb923 .ugb-button.ugb-button--has-icon.ugb-button--has-icon svg{width:14px;height:14px}.ugb-60cb923.ugb-card{background-color:var(--stk-global-color-4615,#ffffff)}.ugb-60cb923.ugb-card:before{background-color:var(--stk-global-color-4615,#ffffff)}@media screen and (min-width:768px){.ugb-60cb923.ugb-card{margin-top:-65px !important;padding-top:40px !important;padding-right:35px !important;padding-left:35px !important}}<\/style><div class=\"ugb-inner-block ugb-inner-block--full\"><div class=\"ugb-block-content\"><div class=\"ugb-card__item ugb-card__item1 ugb--shadow-5\"><div class=\"ugb-card__image\"><\/div><div class=\"ugb-card__content\"><h5 class=\"ugb-card__title\">Peer Support Centre<\/h5><p class=\"ugb-card__description\">Confidentiel, sans jugement et \u00e0 votre \u00e9coute. Le PSC est compos\u00e9 d'\u00e9tudiants-accompagnateurs sympathiques et bien form\u00e9s. Nous vous offrons un espace chaleureux o\u00f9 vous pouvez partager vos exp\u00e9riences, vous sentir \u00e9cout\u00e9 et trouver des solutions aux difficult\u00e9s que vous traversez.<br><br>Stress\u00e9(e) ? Seul(e) ? D\u00e9prim\u00e9(e) ? Ou simplement envie de discuter ? Le PSC est \u00e0 votre \u00e9coute. Si vous avez besoin d'aide mais ne savez pas vers qui vous tourner, nos pairs aidants se feront un plaisir de vous mettre en relation avec d'autres ressources. Passez nous voir ou prenez rendez-vous pour discuter en t\u00eate-\u00e0-t\u00eate avec un accompagnateur de tout sujet qui vous pr\u00e9occupe.<br><br>Le Centre de soutien par les pairs est ouvert du lundi au vendredi, de 11 h \u00e0 17 h. Nous sommes situ\u00e9s au 3471, rue Peel, au deuxi\u00e8me \u00e9tage.<br><br><strong>Email:<\/strong><a href=\"https:\/\/web.archive.org\/web\/20220120132100\/mailto:psc@ssmu.ca\">\u00a0psc@ssmu.ca<\/a><\/p><div class=\"ugb-button-container\"><a class=\"ugb-button ugb-button--size-normal ugb-button--has-icon ugb-button--icon-position-right\" href=\"http:\/\/psc.ssmu.ca\" target=\"_blank\" rel=\"noopener noreferrer\" title=\"\"><div class=\"ugb-icon-inner-svg\"><svg data-prefix=\"fas\" data-icon=\"arrow-right\" class=\"svg-inline--fa fa-arrow-right fa-w-14\" role=\"img\" xmlns=\"http:\/\/www.w3.org\/2000\/svg\" viewbox=\"0 0 448 512\"><path fill=\"currentColor\" d=\"M190.5 66.9l22.2-22.2c9.4-9.4 24.6-9.4 33.9 0L441 239c9.4 9.4 9.4 24.6 0 33.9L246.6 467.3c-9.4 9.4-24.6 9.4-33.9 0l-22.2-22.2c-9.5-9.5-9.3-25 .4-34.3L311.4 296H24c-13.3 0-24-10.7-24-24v-32c0-13.3 10.7-24 24-24h287.4L190.9 101.2c-9.8-9.3-10-24.8-.4-34.3z\"><\/path><\/svg><\/div><span class=\"ugb-button--inner\">Voir plus<\/span><\/a><\/div><\/div><\/div><div class=\"ugb-card__item ugb-card__item2 ugb--shadow-5\"><div class=\"ugb-card__image\"><\/div><div class=\"ugb-card__content\"><h5 class=\"ugb-card__title\">SACOMMS<\/h5><p class=\"ugb-card__description\">SACOMSS est un organisme b\u00e9n\u00e9vole qui s'engage \u00e0 soutenir les survivantes d'agressions sexuelles et leurs alli\u00e9s par un soutien direct, des actions de plaidoyer et de sensibilisation. SACOMSS est un organisme pro-survivantes, pro-f\u00e9ministe, antiraciste, anti-capacitiste, anti-classiste, queer-positive, trans-positive et anti-oppressive. Nous offrons un espace s\u00fbr, accessible et sans jugement aux membres de communaut\u00e9s et d'identit\u00e9s diverses. Tous nos services sont ouverts au public et gratuits.<br><br><strong>Email:<\/strong>\u00a0<a href=\"https:\/\/web.archive.org\/web\/20220120132100\/mailto:main@sacomss.org\">main@sacomss.org<\/a><\/p><div class=\"ugb-button-container\"><a class=\"ugb-button ugb-button--size-normal ugb-button--has-icon ugb-button--icon-position-right\" href=\"http:\/\/facebook.com\/sacomss\" target=\"_blank\" rel=\"noopener noreferrer\" title=\"\"><div class=\"ugb-icon-inner-svg\"><svg data-prefix=\"fas\" data-icon=\"arrow-right\" class=\"svg-inline--fa fa-arrow-right fa-w-14\" role=\"img\" xmlns=\"http:\/\/www.w3.org\/2000\/svg\" viewbox=\"0 0 448 512\"><path fill=\"currentColor\" d=\"M190.5 66.9l22.2-22.2c9.4-9.4 24.6-9.4 33.9 0L441 239c9.4 9.4 9.4 24.6 0 33.9L246.6 467.3c-9.4 9.4-24.6 9.4-33.9 0l-22.2-22.2c-9.5-9.5-9.3-25 .4-34.3L311.4 296H24c-13.3 0-24-10.7-24-24v-32c0-13.3 10.7-24 24-24h287.4L190.9 101.2c-9.8-9.3-10-24.8-.4-34.3z\"><\/path><\/svg><\/div><span class=\"ugb-button--inner\">Voir plus<\/span><\/a><\/div><\/div><\/div><\/div><\/div><\/div>\n\n\n\n<div class=\"alignfull wp-block-ugb-card ugb-card ugb-955501e ugb-card--v2 ugb-card--design-basic ugb-card--columns-1 ugb-main-block ugb-main-block--inner-full ugb--has-block-background\"><style>.ugb-955501e .ugb-card__item{border-radius:6px !important}.ugb-955501e .ugb-card__item1 .ugb-card__image{background-image:url(http:\/\/walksafe.ssmu.ca\/wp-content\/uploads\/2022\/12\/header_2-1024x256.png)}.ugb-955501e .ugb-card__title{font-size:28px !important;color:var(--stk-global-color-52325,#111111) !important}.ugb-955501e .ugb-button .ugb-button--inner{font-family:\"Source Sans Pro\",Sans-serif !important;font-size:18px !important}.ugb-955501e .ugb-button{background-color:#cf2e2e}.ugb-955501e .ugb-button .ugb-button--inner,.ugb-955501e .ugb-button svg:not(.ugb-custom-icon){color:var(--stk-global-color-4615,#ffffff) !important}.ugb-955501e .ugb-button:hover .ugb-button--inner,.ugb-955501e .ugb-button:hover svg:not(.ugb-custom-icon){color:#ffffff !important}.ugb-955501e .ugb-button:hover{background-color:var(--stk-global-color-40036,#00473d);opacity:1}.ugb-955501e .ugb-button.ugb-button--has-icon.ugb-button--has-icon svg{width:14px;height:14px}.ugb-955501e.ugb-card{background-color:var(--stk-global-color-4615,#ffffff)}.ugb-955501e.ugb-card:before{background-color:var(--stk-global-color-4615,#ffffff)}@media screen and (min-width:768px){.ugb-955501e.ugb-card{margin-top:-65px !important;padding-top:40px !important;padding-right:35px !important;padding-left:35px !important}}<\/style><div class=\"ugb-inner-block ugb-inner-block--full\"><div class=\"ugb-block-content\"><div class=\"ugb-card__item ugb-card__item1 ugb--shadow-5\"><div class=\"ugb-card__image\"><\/div><div class=\"ugb-card__content\"><h5 class=\"ugb-card__title\">Office for Sexual Violence Response, Support and Education (OSVRSE)<\/h5><p class=\"ugb-card__description\">OSVRSE offre un soutien confidentiel, sans jugement ni orientation aux personnes victimes de violence sexuelle ou sexiste. Nous offrons du soutien \u00e0 tous les membres de la communaut\u00e9 mcgilloise (\u00e9tudiants, professeurs et employ\u00e9s) victimes de violence sexuelle, qu'il s'agisse de harc\u00e8lement ou d'agression sexuelle, de violence conjugale ou sexiste, ou de cyberviolence, sur le campus ou hors campus.&nbsp;<br><br><strong>Email:<\/strong><a href=\"https:\/\/web.archive.org\/web\/20220120132100\/mailto:osvrse@mcgill.ca\">&nbsp;osvrse@mcgill.ca<\/a><\/p><div class=\"ugb-button-container\"><a class=\"ugb-button ugb-button--size-normal ugb-button--has-icon ugb-button--icon-position-right\" href=\"http:\/\/mcgill.ca\/osvrse\" target=\"_blank\" rel=\"noopener noreferrer\" title=\"\"><div class=\"ugb-icon-inner-svg\"><svg data-prefix=\"fas\" data-icon=\"arrow-right\" class=\"svg-inline--fa fa-arrow-right fa-w-14\" role=\"img\" xmlns=\"http:\/\/www.w3.org\/2000\/svg\" viewbox=\"0 0 448 512\"><path fill=\"currentColor\" d=\"M190.5 66.9l22.2-22.2c9.4-9.4 24.6-9.4 33.9 0L441 239c9.4 9.4 9.4 24.6 0 33.9L246.6 467.3c-9.4 9.4-24.6 9.4-33.9 0l-22.2-22.2c-9.5-9.5-9.3-25 .4-34.3L311.4 296H24c-13.3 0-24-10.7-24-24v-32c0-13.3 10.7-24 24-24h287.4L190.9 101.2c-9.8-9.3-10-24.8-.4-34.3z\"><\/path><\/svg><\/div><span class=\"ugb-button--inner\">Voir plus<\/span><\/a><\/div><\/div><\/div><\/div><\/div><\/div>","protected":false},"excerpt":{"rendered":"<p>Montreal may be an island but you don&#8217;t need to be. Here&#8217;s a list of McGill Campus resources.&nbsp;<\/p>","protected":false},"author":108,"featured_media":0,"parent":0,"menu_order":0,"comment_status":"closed","ping_status":"closed","template":"","meta":{"_themeisle_gutenberg_block_has_review":false,"footnotes":""},"class_list":["post-1372","page","type-page","status-publish"],"_links":{"self":[{"href":"https:\/\/walksafe.ssmu.ca\/fr\/wp-json\/wp\/v2\/pages\/1372","targetHints":{"allow":["GET"]}}],"collection":[{"href":"https:\/\/walksafe.ssmu.ca\/fr\/wp-json\/wp\/v2\/pages"}],"about":[{"href":"https:\/\/walksafe.ssmu.ca\/fr\/wp-json\/wp\/v2\/types\/page"}],"author":[{"embeddable":true,"href":"https:\/\/walksafe.ssmu.ca\/fr\/wp-json\/wp\/v2\/users\/108"}],"replies":[{"embeddable":true,"href":"https:\/\/walksafe.ssmu.ca\/fr\/wp-json\/wp\/v2\/comments?post=1372"}],"version-history":[{"count":43,"href":"https:\/\/walksafe.ssmu.ca\/fr\/wp-json\/wp\/v2\/pages\/1372\/revisions"}],"predecessor-version":[{"id":1961,"href":"https:\/\/walksafe.ssmu.ca\/fr\/wp-json\/wp\/v2\/pages\/1372\/revisions\/1961"}],"wp:attachment":[{"href":"https:\/\/walksafe.ssmu.ca\/fr\/wp-json\/wp\/v2\/media?parent=1372"}],"curies":[{"name":"wp","href":"https:\/\/api.w.org\/{rel}","templated":true}]}}