{"id":1447,"date":"2021-10-05T19:13:20","date_gmt":"2021-10-05T23:13:20","guid":{"rendered":"http:\/\/walksafe.ssmu.ca\/?page_id=1447"},"modified":"2025-09-09T19:57:20","modified_gmt":"2025-09-09T23:57:20","slug":"front-page-work","status":"publish","type":"page","link":"https:\/\/walksafe.ssmu.ca\/fr\/","title":{"rendered":"Bienvenue chez WALKSAFE!"},"content":{"rendered":"<div id=\"wp-block-themeisle-blocks-advanced-columns-bdff2ec6\" class=\"wp-block-themeisle-blocks-advanced-columns alignfull has-1-columns has-desktop-equal-layout has-tablet-equal-layout has-mobile-equal-layout has-vertical-unset\"><div class=\"wp-block-themeisle-blocks-advanced-columns-overlay\"><\/div><div class=\"innerblocks-wrap\">\n<div id=\"wp-block-themeisle-blocks-advanced-column-0b6d5582\" class=\"wp-block-themeisle-blocks-advanced-column\">\n<div class=\"wp-block-columns are-vertically-aligned-top is-layout-flex wp-container-core-columns-is-layout-9d6595d7 wp-block-columns-is-layout-flex\">\n<div class=\"wp-block-column is-layout-flow wp-block-column-is-layout-flow\" style=\"flex-basis:15%\"><\/div>\n\n\n\n<div class=\"wp-block-column is-layout-flow wp-block-column-is-layout-flow\" style=\"flex-basis:70%\">\n<h2 class=\"wp-block-heading\"><strong>Nous sommes WALKSAFE!<\/strong>&nbsp;<\/h2>\n\n\n\n<h4 class=\"wp-block-heading\"><strong>Nous sommes ravis d'\u00eatre de retour pour l'ann\u00e9e acad\u00e9mique 2025-2026! Nous sommes pr\u00eats et enthousiastes \u00e0 vous accompagner, d'un point A \u00e0 un point B, en toute s\u00e9curit\u00e9.<\/strong><\/h4>\n<\/div>\n\n\n\n<div class=\"wp-block-column is-layout-flow wp-block-column-is-layout-flow\" style=\"flex-basis:15%\"><\/div>\n<\/div>\n<\/div>\n<\/div><\/div>\n\n\n\n<div class=\"wp-block-columns alignfull is-layout-flex wp-container-core-columns-is-layout-9d6595d7 wp-block-columns-is-layout-flex\">\n<div class=\"wp-block-column is-layout-flow wp-block-column-is-layout-flow\" style=\"flex-basis:15%\"><\/div>\n\n\n\n<div class=\"wp-block-column is-layout-flow wp-block-column-is-layout-flow\" style=\"flex-basis:70%\">\n<h2 class=\"wp-block-heading\"><span style=\"color: #000000;background-color: #fcb900\" class=\"ugb-highlight\"><strong>Mises \u00e0 jour<\/strong> Depuis Facebook<\/span><\/h2>\n\n\n<\/div>\n\n\n\n<div class=\"wp-block-column is-layout-flow wp-block-column-is-layout-flow\" style=\"flex-basis:15%\"><\/div>\n<\/div>\n\n\n\n<div style=\"height:74px\" aria-hidden=\"true\" class=\"wp-block-spacer\"><\/div>\n\n\n\n<div class=\"wp-block-group alignfull has-white-background-color has-background\"><div class=\"wp-block-group__inner-container is-layout-flow wp-block-group-is-layout-flow\">\n<div class=\"wp-block-columns alignwide is-layout-flex wp-container-core-columns-is-layout-9d6595d7 wp-block-columns-is-layout-flex\">\n<div class=\"wp-block-column is-layout-flow wp-block-column-is-layout-flow\"><div class=\"wp-block-image\">\n<figure class=\"aligncenter size-large\"><img loading=\"lazy\" decoding=\"async\" width=\"84\" height=\"76\" src=\"https:\/\/walksafe.ssmu.ca\/wp-content\/uploads\/2020\/01\/WS_icon-phone-2.png\" alt=\"\" class=\"wp-image-1103\"\/><\/figure>\n<\/div>\n\n\n<h4 class=\"wp-block-heading has-text-align-center\">Utiliser WALKSAFE<\/h4>\n\n\n\n<p>Utiliser WALKSAFE, c'est facile! Appelle-nous au <strong>514.398.2498<\/strong>\u00a0ou <a href=\"https:\/\/walksafe.ssmu.ca\/fr\/book-now\/\">demander un accompagnement en ligne<\/a> pendant nos heures d'ouverture, lorsque vous \u00eates pr\u00eat \u00e0 partir. Tous les accompagnements sont offerts selon le principe du premier arriv\u00e9, premier servi et ne peuvent pas \u00eatre r\u00e9serv\u00e9s \u00e0 l'avance.\u00a0<br data-rich-text-line-break=\"true\" \/><br data-rich-text-line-break=\"true\" \/>Jette un \u0153il \u00e0 notre FAQ pour en savoir plus sur notre service.<\/p>\n\n\n\n<div class=\"wp-block-ugb-button ugb-button-wrapper ugb-2ee40c0 ugb-main-block\"><style>.ugb-2ee40c0 .ugb-button1 .ugb-button--inner{font-family:\"Ubuntu\",Sans-serif !important;font-size:16px !important;color:#d12326 !important}.ugb-2ee40c0 .ugb-button1{border-color:#d12326 !important}.ugb-2ee40c0 .ugb-button1:hover{background-color:#d12326 !important;opacity:1}.ugb-2ee40c0 .ugb-button1:hover .ugb-button--inner{color:#ffffff !important}.ugb-2ee40c0 .ugb-button1:before{content:\"\";background-image:linear-gradient(90deg,#d12326,#d12326)}.ugb-2ee40c0.ugb-button-wrapper{min-height:100px;justify-content:flex-start;align-items:flex-start}@media screen and (-ms-high-contrast:active),screen and (-ms-high-contrast:none){.ugb-2ee40c0.ugb-button-wrapper{height:100px}}<\/style><div class=\"ugb-inner-block\"><div class=\"ugb-block-content\"><div class=\"ugb-button-container\"><a class=\"ugb-button1 ugb-button ugb-button--size-small ugb-button--ghost-to-normal-effect ugb--hover-effect-scale-more ugb-button--design-ghost\" href=\"\/fr\/www.walksafe.ssmu.ca\/faqs\/\" rel=\"\" title=\"\"><span class=\"ugb-button--inner\"><strong>FAQ<\/strong><\/span><\/a><\/div><\/div><\/div><\/div>\n<\/div>\n\n\n\n<div class=\"wp-block-column .column {border-left: black, 1px, dotted:}.column {border-right: dotted:} is-layout-flow wp-block-column-is-layout-flow\"><div class=\"wp-block-image\">\n<figure class=\"aligncenter size-large\"><img loading=\"lazy\" decoding=\"async\" width=\"86\" height=\"76\" src=\"https:\/\/walksafe.ssmu.ca\/wp-content\/uploads\/2020\/01\/WS_icon-heart-1.png\" alt=\"\" class=\"wp-image-1098\"\/><\/figure>\n<\/div>\n\n\n<h4 class=\"wp-block-heading has-text-align-center\">Devenir b\u00e9n\u00e9vole<\/h4>\n\n\n\n<p>Nous sommes toujours \u00e0 la recherche de nouveaux membres pour rejoindre notre \u00e9quipe. Nous recrutons deux fois par an pendant les mois de septembre et janvier. <br data-rich-text-line-break=\"true\"><br data-rich-text-line-break=\"true\">Viens nous voir \u00e0 la soir\u00e9e d'activit\u00e9s en septembre et en janvier ou jette un \u0153il \u00e0 la page \"Devenir B\u00e9n\u00e9vole\" pour plus d'informations.<\/p>\n\n\n\n<div class=\"wp-block-ugb-button ugb-button-wrapper ugb-fd31df2 ugb-main-block\"><style>.ugb-fd31df2 .ugb-button1 .ugb-button--inner{font-family:\"Ubuntu\",Sans-serif !important;font-size:16px !important;font-weight:700 !important;color:#d12326 !important}.ugb-fd31df2 .ugb-button1{border-color:#d12326 !important}.ugb-fd31df2 .ugb-button1:hover{background-color:#d12326 !important;opacity:1}.ugb-fd31df2 .ugb-button1:hover .ugb-button--inner{color:#ffffff !important}.ugb-fd31df2 .ugb-button1:before{content:\"\";background-image:linear-gradient(90deg,#d12326,#d12326)}@media screen and (min-width:768px){.ugb-fd31df2.ugb-button-wrapper{margin-top:0px !important}}<\/style><div class=\"ugb-inner-block\"><div class=\"ugb-block-content\"><div class=\"ugb-button-container\"><a class=\"ugb-button1 ugb-button ugb-button--size-small ugb-button--ghost-to-normal-effect ugb--hover-effect-scale-more ugb-button--design-ghost\" href=\"\/fr\/www.walksafe.ssmu.ca\/volunteer\/\" rel=\"\" title=\"\"><span class=\"ugb-button--inner\">Devenir B\u00e9n\u00e9vole<\/span><\/a><\/div><\/div><\/div><\/div>\n\n\n\n<p><\/p>\n<\/div>\n\n\n\n<div class=\"wp-block-column is-layout-flow wp-block-column-is-layout-flow\"><div class=\"wp-block-image\">\n<figure class=\"aligncenter size-large\"><img loading=\"lazy\" decoding=\"async\" width=\"85\" height=\"76\" src=\"https:\/\/walksafe.ssmu.ca\/wp-content\/uploads\/2020\/01\/WS_icon-star.png\" alt=\"\" class=\"wp-image-1101\"\/><\/figure>\n<\/div>\n\n\n<h4 class=\"wp-block-heading has-text-align-center\">R\u00e9server WALKSAFE<\/h4>\n\n\n\n<p>Nos fantastiques \u00e9quipes WALKSAFE peuvent \u00e9galement \u00eatre r\u00e9serv\u00e9es \u00e0 l'avance pour votre prochain \u00e9v\u00e9nement de facult\u00e9 ou \u00e9tudiant !<\/p>\n\n\n\n<div class=\"wp-block-ugb-button ugb-button-wrapper ugb-0b910cc ugb-main-block\"><style>.ugb-0b910cc .ugb-block-content{justify-content:center !important}.ugb-0b910cc .ugb-button1 .ugb-button--inner{font-family:\"ubuntu\",Sans-serif !important;font-size:16px !important;color:#d12326 !important}.ugb-0b910cc .ugb-button1{border-color:#d12326 !important}.ugb-0b910cc .ugb-button1:hover{background-color:#d12326 !important;opacity:1}.ugb-0b910cc .ugb-button1:hover .ugb-button--inner{color:#ffffff !important}.ugb-0b910cc .ugb-button1:before{content:\"\";background-image:linear-gradient(90deg,#d12326,#d12326)}.ugb-0b910cc .ugb-inner-block{text-align:center}.ugb-0b910cc.ugb-button-wrapper{justify-content:flex-start}<\/style><div class=\"ugb-inner-block\"><div class=\"ugb-block-content\"><div class=\"ugb-button-container\"><a class=\"ugb-button1 ugb-button ugb-button--size-small ugb-button--ghost-to-normal-effect ugb--hover-effect-scale-more ugb-button--design-ghost\" href=\"\/fr\/www.walksafe.ssmu.ca\/book-walksafe\/\" rel=\"\" title=\"\"><span class=\"ugb-button--inner\"><strong>En Savoir Plus<\/strong><\/span><\/a><\/div><\/div><\/div><\/div>\n<\/div>\n<\/div>\n<\/div><\/div>\n\n\n\n<div class=\"alignfull wp-block-ugb-count-up ugb-count-up ugb-4cce43c ugb-countup--v4 ugb-countup--columns-3 ugb-countup--design-plain-2 ugb-main-block ugb--has-custom-content-width ugb--hide-mobile ugb-main-block--inner-wide ugb--has-block-background\"><style>.ugb-4cce43c .ugb-countup__counter{margin-bottom:22px !important;font-family:\"Bebas Neue\",Sans-serif !important;font-size:85px !important;color:#1fcef4}.ugb-4cce43c .ugb-countup__title{margin-bottom:11px !important;color:#d12326}.ugb-4cce43c .ugb-countup__description{margin-bottom:17px !important}.ugb-4cce43c.ugb-count-up{opacity:1 !important;justify-content:center;background-color:#f3f3f3}.ugb-4cce43c.ugb-count-up > .ugb-inner-block{min-width:auto !important;max-width:2000px !important}.ugb-4cce43c.ugb-count-up:before{background-color:#f3f3f3}.ugb-4cce43c .ugb-block-title{color:#6d6d6d;text-align:center;margin-bottom:40px !important}@media screen and (max-width:1025px){.ugb-4cce43c .ugb-countup__counter{font-size:50px !important}}<\/style><div class=\"ugb-inner-block ugb-inner-block--wide\"><h2 class=\"ugb-block-title\">Question pour un MARCHEUR<\/h2><div class=\"ugb-block-content\"><div class=\"ugb-countup__item ugb-countup__item1\"><div class=\"ugb-countup__counter\" data-duration=\"1000\" data-delay=\"16\">10,000<\/div><h5 class=\"ugb-countup__title\">Le nombre de pas quotidien <br>id\u00e9al pour une personne<\/h5><\/div><div class=\"ugb-countup__item ugb-countup__item2\"><div class=\"ugb-countup__counter\" data-duration=\"1000\" data-delay=\"16\">29,038<\/div><h5 class=\"ugb-countup__title\">Le nombre maximum de pas enregistr\u00e9 par un MARCHEUR pendant Frosh lors d'un double poste <br> <\/h5><\/div><div class=\"ugb-countup__item ugb-countup__item3\"><div class=\"ugb-countup__counter\" data-duration=\"1000\" data-delay=\"16\">120,000<\/div><h5 class=\"ugb-countup__title\">La quantit\u00e9 moyenne de kilom\u00e8tres parcourus \u00e0 pied au cours d'une vie<\/h5><\/div><\/div><\/div><\/div>\n\n\n\n<p><\/p>","protected":false},"excerpt":{"rendered":"<p>Service Updates (From Facebook) Using WALKSAFE It&#8217;s easy to use WALKSAFE. Just give us a call at 514.398.2498\u00a0or request a walk online during our hours of operation, when you&#8217;re ready to get going. All safe-walks are on a first-come-first-served basis and cannot be reserved ahead of time.\u00a0Check out our FAQ page to learn more about our service. Become a volunteer We&#8217;re always looking for fresh faces to join our team of volunteers. We recruit two times per year during the months of September and January. Visit our booth at Activities Night in September and January or check out our Volunteer section for more info. Booking WALKSAFE Our awesome WALKSAFE teams can also be booked in advance for your next faculty or student event!<\/p>","protected":false},"author":108,"featured_media":1471,"parent":0,"menu_order":0,"comment_status":"closed","ping_status":"closed","template":"","meta":{"_themeisle_gutenberg_block_has_review":false,"footnotes":""},"class_list":["post-1447","page","type-page","status-publish","has-post-thumbnail"],"_links":{"self":[{"href":"https:\/\/walksafe.ssmu.ca\/fr\/wp-json\/wp\/v2\/pages\/1447","targetHints":{"allow":["GET"]}}],"collection":[{"href":"https:\/\/walksafe.ssmu.ca\/fr\/wp-json\/wp\/v2\/pages"}],"about":[{"href":"https:\/\/walksafe.ssmu.ca\/fr\/wp-json\/wp\/v2\/types\/page"}],"author":[{"embeddable":true,"href":"https:\/\/walksafe.ssmu.ca\/fr\/wp-json\/wp\/v2\/users\/108"}],"replies":[{"embeddable":true,"href":"https:\/\/walksafe.ssmu.ca\/fr\/wp-json\/wp\/v2\/comments?post=1447"}],"version-history":[{"count":94,"href":"https:\/\/walksafe.ssmu.ca\/fr\/wp-json\/wp\/v2\/pages\/1447\/revisions"}],"predecessor-version":[{"id":2122,"href":"https:\/\/walksafe.ssmu.ca\/fr\/wp-json\/wp\/v2\/pages\/1447\/revisions\/2122"}],"wp:featuredmedia":[{"embeddable":true,"href":"https:\/\/walksafe.ssmu.ca\/fr\/wp-json\/wp\/v2\/media\/1471"}],"wp:attachment":[{"href":"https:\/\/walksafe.ssmu.ca\/fr\/wp-json\/wp\/v2\/media?parent=1447"}],"curies":[{"name":"wp","href":"https:\/\/api.w.org\/{rel}","templated":true}]}}