{"id":1870,"date":"2022-12-14T18:08:04","date_gmt":"2022-12-14T23:08:04","guid":{"rendered":"https:\/\/walksafe.ssmu.ca\/?page_id=1870"},"modified":"2026-02-16T17:58:30","modified_gmt":"2026-02-16T22:58:30","slug":"about-us","status":"publish","type":"page","link":"https:\/\/walksafe.ssmu.ca\/fr\/about-us\/","title":{"rendered":"Notre Service"},"content":{"rendered":"<p class=\"has-normal-font-size\">SSMU WALKSAFE est en service depuis 1990, avec un mission de cr\u00e9er un espace plus fiable pour les membres de la communaut\u00e9 McGill, en leur offrant un moyen s\u00fbr de se rendre l\u00e0 o\u00f9 ils en ont besoin. Depuis plus de trente ans, nous arborons nos vestes rouges facilement identifiables, offrant \u00e0 nos pairs un moyen s\u00e9curis\u00e9 de se rendre \u00e0 destination. Depuis, nous avons \u00e9volu\u00e9, ajout\u00e9 un nouveau service \u00e0 nos op\u00e9rations appel\u00e9 WALKBuddies, et poursuivi notre mission que nous consid\u00e9rons comme un travail d'amour.<br><br>D\u00e9couvrez les personnes qui rendent tout cela possible ci-dessous! D\u00e9couvrez l'\u00e9quipe ex\u00e9cutive qui pr\u00e9pare tout et s'assure que notre grande \u00e9quipe de b\u00e9n\u00e9voles puisse contribuer \u00e0 la s\u00e9curit\u00e9 de notre communaut\u00e9.<\/p>\n\n\n\n<div style=\"height:49px\" aria-hidden=\"true\" class=\"wp-block-spacer\"><\/div>\n\n\n\n<div class=\"wp-block-group alignfull has-white-background-color has-background\"><div class=\"wp-block-group__inner-container is-layout-flow wp-block-group-is-layout-flow\">\n<h2 id=\"wp-block-themeisle-blocks-advanced-heading-5269047c\" class=\"wp-block-themeisle-blocks-advanced-heading wp-block-themeisle-blocks-advanced-heading-5269047c\"><strong>2025\/26 SSMU WALKSAFE Executive Team<\/strong><\/h2>\n\n\n\n<div class=\"wp-block-columns alignwide is-layout-flex wp-container-core-columns-is-layout-9d6595d7 wp-block-columns-is-layout-flex\">\n<div class=\"wp-block-column is-layout-flow wp-block-column-is-layout-flow\">\n<figure class=\"wp-block-image size-large is-resized is-style-circle-mask\"><img loading=\"lazy\" decoding=\"async\" width=\"1024\" height=\"1024\" src=\"https:\/\/walksafe.ssmu.ca\/wp-content\/uploads\/2024\/10\/matt-1-1024x1024.png\" alt=\"\" class=\"wp-image-2090\" srcset=\"https:\/\/walksafe.ssmu.ca\/wp-content\/uploads\/2024\/10\/matt-1-1024x1024.png 1024w, https:\/\/walksafe.ssmu.ca\/wp-content\/uploads\/2024\/10\/matt-1-300x300.png 300w, https:\/\/walksafe.ssmu.ca\/wp-content\/uploads\/2024\/10\/matt-1-150x150.png 150w, https:\/\/walksafe.ssmu.ca\/wp-content\/uploads\/2024\/10\/matt-1-1536x1536.png 1536w\" sizes=\"auto, (max-width: 1024px) 100vw, 1024px\" \/><\/figure>\n\n\n\n<p class=\"has-normal-font-size\"><span style=\"font-size: 14pt;\"><strong>Pr\u00e9sident<br><\/strong><span style=\"font-size: 14pt;\">Mathieu Pestel<\/span><span style=\"font-size: 14pt;\"> <\/span><span style=\"font-size: 14pt;\">(il)<\/span> <\/span><\/p>\n\n\n\n<p>Mathieu supervise toutes les op\u00e9rations li\u00e9es \u00e0 WALKSAFE et soutient chaque membre de la direction dans ses fonctions. Il est le repr\u00e9sentant d\u00e9sign\u00e9 du service et assure la liaison principale entre WALKSAFE et la direction de l\u2019A\u00c9UM ainsi que l\u2019Universit\u00e9 McGill. Mathieu est b\u00e9n\u00e9vole chez WALKSAFE depuis 2022.<\/p>\n<\/div>\n\n\n\n<div class=\"wp-block-column is-layout-flow wp-block-column-is-layout-flow\">\n<figure class=\"wp-block-image size-large is-resized is-style-circle-mask\"><img loading=\"lazy\" decoding=\"async\" width=\"645\" height=\"646\" src=\"https:\/\/walksafe.ssmu.ca\/wp-content\/uploads\/2026\/02\/DSC_5250-Edit_websize-Annabel-Axon-1-645x646.png\" alt=\"\" class=\"wp-image-2134\" srcset=\"https:\/\/walksafe.ssmu.ca\/wp-content\/uploads\/2026\/02\/DSC_5250-Edit_websize-Annabel-Axon-1.png 645w, https:\/\/walksafe.ssmu.ca\/wp-content\/uploads\/2026\/02\/DSC_5250-Edit_websize-Annabel-Axon-1-300x300.png 300w, https:\/\/walksafe.ssmu.ca\/wp-content\/uploads\/2026\/02\/DSC_5250-Edit_websize-Annabel-Axon-1-150x150.png 150w\" sizes=\"auto, (max-width: 645px) 100vw, 645px\" \/><\/figure>\n\n\n\n<p class=\"has-normal-font-size\"><span style=\"font-size: 14pt;\"><b>VP Internal Affairs &#8211; Retention<br><\/b><\/span>Annabel Axon (she\/her)<\/p>\n\n\n\n<p>Annabel est charg\u00e9e de planifier et d'organiser des \u00e9v\u00e9nements sociaux afin de renforcer les liens au sein de WALKSAFE. Elle veille \u00e0 la satisfaction des b\u00e9n\u00e9voles et prend en compte leurs suggestions pour am\u00e9liorer le service. Annabel est b\u00e9n\u00e9vole chez WALKSAFE depuis 2025.<\/p>\n<\/div>\n\n\n\n<div class=\"wp-block-column is-layout-flow wp-block-column-is-layout-flow\">\n<figure class=\"wp-block-image size-large is-resized is-style-circle-mask\"><img loading=\"lazy\" decoding=\"async\" width=\"1024\" height=\"1024\" src=\"https:\/\/walksafe.ssmu.ca\/wp-content\/uploads\/2026\/02\/IMG_4255-Ariana-Tang-1-1024x1024.png\" alt=\"\" class=\"wp-image-2135\" srcset=\"https:\/\/walksafe.ssmu.ca\/wp-content\/uploads\/2026\/02\/IMG_4255-Ariana-Tang-1-1024x1024.png 1024w, https:\/\/walksafe.ssmu.ca\/wp-content\/uploads\/2026\/02\/IMG_4255-Ariana-Tang-1-300x300.png 300w, https:\/\/walksafe.ssmu.ca\/wp-content\/uploads\/2026\/02\/IMG_4255-Ariana-Tang-1-150x150.png 150w, https:\/\/walksafe.ssmu.ca\/wp-content\/uploads\/2026\/02\/IMG_4255-Ariana-Tang-1-1536x1536.png 1536w\" sizes=\"auto, (max-width: 1024px) 100vw, 1024px\" \/><\/figure>\n\n\n\n<p class=\"has-normal-font-size\"><span style=\"font-size: 14pt;\"><b>VP Internal Affairs &#8211; Recruitment<br><\/b>Ariana Tang (she\/her)<\/span><\/p>\n\n\n\n<p>Ariana est responsable de l'organisation et de l'animation de toutes les sessions de formation, ainsi que du recrutement des nouveaux b\u00e9n\u00e9voles. Elle assure la liaison avec tous les partenaires de formation externes. Elle s'occupe \u00e9galement de la formation des r\u00e9partiteurs. Ariana est b\u00e9n\u00e9vole chez WALKSAFE depuis 2025.<\/p>\n<\/div>\n\n\n\n<div class=\"wp-block-column is-layout-flow wp-block-column-is-layout-flow\">\n<figure class=\"wp-block-image size-large is-resized is-style-circle-mask\"><img loading=\"lazy\" decoding=\"async\" width=\"1024\" height=\"1024\" src=\"https:\/\/walksafe.ssmu.ca\/wp-content\/uploads\/2023\/09\/7-1024x1024.png\" alt=\"\" class=\"wp-image-2009\" srcset=\"https:\/\/walksafe.ssmu.ca\/wp-content\/uploads\/2023\/09\/7-1024x1024.png 1024w, https:\/\/walksafe.ssmu.ca\/wp-content\/uploads\/2023\/09\/7-300x300.png 300w, https:\/\/walksafe.ssmu.ca\/wp-content\/uploads\/2023\/09\/7-150x150.png 150w, https:\/\/walksafe.ssmu.ca\/wp-content\/uploads\/2023\/09\/7-768x768.png 768w, https:\/\/walksafe.ssmu.ca\/wp-content\/uploads\/2023\/09\/7.png 1080w\" sizes=\"auto, (max-width: 1024px) 100vw, 1024px\" \/><\/figure>\n\n\n\n<p class=\"has-normal-font-size\"><span style=\"font-size: 14pt;\"><b>VP Finance<br><\/b><span style=\"font-weight: 400;\"><span style=\"font-size: 14pt;\">Luc Wilson<\/span> (il)<\/span><\/span><\/p>\n\n\n\n<p>Luc est responsable de toutes les questions financi\u00e8res. Il pr\u00e9pare le budget annuel de WALKSAFE, g\u00e8re les remboursements des b\u00e9n\u00e9voles, approuve tous les achats de WALKSAFE et communique avec le d\u00e9partement des finances de l'Universit\u00e9 m\u00e9dicale d'\u00c9tat de Saint-Louis (SSMU) afin d'assurer le bon fonctionnement des op\u00e9rations financi\u00e8res de WALKSAFE. Luc est b\u00e9n\u00e9vole chez WALKSAFE depuis 2019.<\/p>\n<\/div>\n<\/div>\n\n\n\n<div class=\"wp-block-columns alignwide is-layout-flex wp-container-core-columns-is-layout-9d6595d7 wp-block-columns-is-layout-flex\">\n<div class=\"wp-block-column is-layout-flow wp-block-column-is-layout-flow\">\n<figure class=\"wp-block-image size-large is-resized is-style-circle-mask\"><img loading=\"lazy\" decoding=\"async\" width=\"1024\" height=\"1024\" src=\"https:\/\/walksafe.ssmu.ca\/wp-content\/uploads\/2026\/02\/isabellewebsite-1024x1024.png\" alt=\"\" class=\"wp-image-2136\" srcset=\"https:\/\/walksafe.ssmu.ca\/wp-content\/uploads\/2026\/02\/isabellewebsite-1024x1024.png 1024w, https:\/\/walksafe.ssmu.ca\/wp-content\/uploads\/2026\/02\/isabellewebsite-300x300.png 300w, https:\/\/walksafe.ssmu.ca\/wp-content\/uploads\/2026\/02\/isabellewebsite-150x150.png 150w, https:\/\/walksafe.ssmu.ca\/wp-content\/uploads\/2026\/02\/isabellewebsite-768x769.png 768w\" sizes=\"auto, (max-width: 1024px) 100vw, 1024px\" \/><\/figure>\n\n\n\n<p class=\"has-normal-font-size\"><span style=\"font-size: 14pt;\"><b>Coordinatrice de la Garderie<\/b><\/span><strong><br><\/strong><span style=\"font-size: 14pt;\">Isabelle Cote<\/span><span style=\"font-size: 14pt;\"><span style=\"font-weight: 400;\">&nbsp;(she\/her)<\/span><\/span><\/p>\n\n\n\n<p>Isabelle supervise la gestion g\u00e9n\u00e9rale de WALKBuddies. Elle assiste le vice-pr\u00e9sident aux affaires internes \u2013 recrutement dans le recrutement et la formation de tous les b\u00e9n\u00e9voles de WALKBuddies et assure la liaison avec le personnel de la garderie et le SSMU. Isabelle est b\u00e9n\u00e9vole chez WALKSAFE depuis 2023.<\/p>\n<\/div>\n\n\n\n<div class=\"wp-block-column is-layout-flow wp-block-column-is-layout-flow\">\n<figure class=\"wp-block-image size-large is-resized is-style-circle-mask\"><img loading=\"lazy\" decoding=\"async\" width=\"1024\" height=\"1024\" src=\"https:\/\/walksafe.ssmu.ca\/wp-content\/uploads\/2026\/02\/IMG_7256-juliette-whitecross-1024x1024.png\" alt=\"\" class=\"wp-image-2137\" srcset=\"https:\/\/walksafe.ssmu.ca\/wp-content\/uploads\/2026\/02\/IMG_7256-juliette-whitecross-1024x1024.png 1024w, https:\/\/walksafe.ssmu.ca\/wp-content\/uploads\/2026\/02\/IMG_7256-juliette-whitecross-300x300.png 300w, https:\/\/walksafe.ssmu.ca\/wp-content\/uploads\/2026\/02\/IMG_7256-juliette-whitecross-150x150.png 150w\" sizes=\"auto, (max-width: 1024px) 100vw, 1024px\" \/><\/figure>\n\n\n\n<p class=\"has-normal-font-size\"><b style=\"font-size: 14pt;\">VP External<\/b><b style=\"font-size: 14pt;\"><br><\/b><span style=\"font-size: 14pt;\">Juliette Whitecross <\/span><span style=\"font-size: 14pt;\">(she\/her)<\/span><\/p>\n\n\n\n<p>Juliette est responsable de la cr\u00e9ation et de la diffusion du mat\u00e9riel promotionnel et de la mise \u00e0 jour des r\u00e9seaux sociaux de WALKSAFE. Elle contribue \u00e0 accro\u00eetre la notori\u00e9t\u00e9 de WALKSAFE aupr\u00e8s de la communaut\u00e9 de McGill et de la grande r\u00e9gion de Montr\u00e9al. Juliette est b\u00e9n\u00e9vole chez WALKSAFE depuis 2024.<\/p>\n<\/div>\n\n\n\n<div class=\"wp-block-column is-layout-flow wp-block-column-is-layout-flow\">\n<figure class=\"wp-block-image size-large is-resized is-style-circle-mask\"><img loading=\"lazy\" decoding=\"async\" width=\"1024\" height=\"1024\" src=\"https:\/\/walksafe.ssmu.ca\/wp-content\/uploads\/2024\/10\/sasha-1024x1024.png\" alt=\"\" class=\"wp-image-2084\" srcset=\"https:\/\/walksafe.ssmu.ca\/wp-content\/uploads\/2024\/10\/sasha-1024x1024.png 1024w, https:\/\/walksafe.ssmu.ca\/wp-content\/uploads\/2024\/10\/sasha-300x300.png 300w, https:\/\/walksafe.ssmu.ca\/wp-content\/uploads\/2024\/10\/sasha-150x150.png 150w, https:\/\/walksafe.ssmu.ca\/wp-content\/uploads\/2024\/10\/sasha-1536x1536.png 1536w, https:\/\/walksafe.ssmu.ca\/wp-content\/uploads\/2024\/10\/sasha-2048x2048.png 2048w\" sizes=\"auto, (max-width: 1024px) 100vw, 1024px\" \/><\/figure>\n\n\n\n<p class=\"has-normal-font-size\"><span style=\"font-size: 14pt;\"><strong>VP Planification<br><\/strong><span style=\"font-weight: 400;\">Sasha Borg <\/span><span style=\"font-weight: 400;\">(il)<\/span><\/span><\/p>\n\n\n\n<p>Sasha g\u00e8re tout ce qui concerne la planification des b\u00e9n\u00e9voles. Il est charg\u00e9 d'envoyer le planning mensuel et de s'assurer que tous les cr\u00e9neaux horaires sont complets. Sasha veille au respect du r\u00e8glement int\u00e9rieur de WALKSAFE, conform\u00e9ment \u00e0 sa politique disciplinaire. Il est b\u00e9n\u00e9vole chez WALKSAFE depuis 2023.<\/p>\n<\/div>\n\n\n\n<div class=\"wp-block-column is-layout-flow wp-block-column-is-layout-flow\">\n<figure class=\"wp-block-image size-large is-resized is-style-circle-mask\"><img loading=\"lazy\" decoding=\"async\" width=\"1024\" height=\"1024\" src=\"https:\/\/walksafe.ssmu.ca\/wp-content\/uploads\/2026\/02\/IMG_9655-Sofia-Zahariadis-1-1024x1024.png\" alt=\"\" class=\"wp-image-2138\" srcset=\"https:\/\/walksafe.ssmu.ca\/wp-content\/uploads\/2026\/02\/IMG_9655-Sofia-Zahariadis-1-1024x1024.png 1024w, https:\/\/walksafe.ssmu.ca\/wp-content\/uploads\/2026\/02\/IMG_9655-Sofia-Zahariadis-1-300x300.png 300w, https:\/\/walksafe.ssmu.ca\/wp-content\/uploads\/2026\/02\/IMG_9655-Sofia-Zahariadis-1-150x150.png 150w, https:\/\/walksafe.ssmu.ca\/wp-content\/uploads\/2026\/02\/IMG_9655-Sofia-Zahariadis-1-1536x1536.png 1536w, https:\/\/walksafe.ssmu.ca\/wp-content\/uploads\/2026\/02\/IMG_9655-Sofia-Zahariadis-1-2048x2048.png 2048w\" sizes=\"auto, (max-width: 1024px) 100vw, 1024px\" \/><\/figure>\n\n\n\n<p class=\"has-normal-font-size\"><span style=\"font-size: 14pt;\"><b>VP Communications &amp; Social Media<\/b><\/span><br>Sofia Zahariadis<\/p>\n\n\n\n<p>Sofia est responsable de la communication interne et externe entre l'\u00e9quipe dirigeante, les b\u00e9n\u00e9voles de WALKSAFE et la communaut\u00e9, et veille \u00e0 ce que tous les courriers re\u00e7oivent une r\u00e9ponse rapide. Elle con\u00e7oit \u00e9galement les infographies et les messages de service destin\u00e9s au public et est charg\u00e9e de d\u00e9velopper le r\u00e9seautage afin d'accro\u00eetre la visibilit\u00e9 de WALKSAFE. Sofia est b\u00e9n\u00e9vole chez WALKSAFE depuis 2025.<\/p>\n<\/div>\n<\/div>\n\n\n\n<div class=\"wp-block-columns alignwide is-layout-flex wp-container-core-columns-is-layout-9d6595d7 wp-block-columns-is-layout-flex\">\n<div class=\"wp-block-column is-layout-flow wp-block-column-is-layout-flow\">\n<figure class=\"wp-block-image size-large is-resized is-style-circle-mask\"><img loading=\"lazy\" decoding=\"async\" width=\"1024\" height=\"1024\" src=\"https:\/\/walksafe.ssmu.ca\/wp-content\/uploads\/2023\/09\/3-1024x1024.png\" alt=\"\" class=\"wp-image-2014\" srcset=\"https:\/\/walksafe.ssmu.ca\/wp-content\/uploads\/2023\/09\/3-1024x1024.png 1024w, https:\/\/walksafe.ssmu.ca\/wp-content\/uploads\/2023\/09\/3-300x300.png 300w, https:\/\/walksafe.ssmu.ca\/wp-content\/uploads\/2023\/09\/3-150x150.png 150w, https:\/\/walksafe.ssmu.ca\/wp-content\/uploads\/2023\/09\/3-768x768.png 768w, https:\/\/walksafe.ssmu.ca\/wp-content\/uploads\/2023\/09\/3.png 1080w\" sizes=\"auto, (max-width: 1024px) 100vw, 1024px\" \/><\/figure>\n\n\n\n<p class=\"has-normal-font-size\"><span style=\"font-size: 14pt;\"><b>VP Infrastructure<\/b><\/span><br><span style=\"font-size: 14pt;\"><span style=\"font-size: 14pt;\">Nick Mazza (he\/him)<\/span> <\/span><\/p>\n\n\n\n<p>Nick est responsable de la maintenance et de l'am\u00e9lioration du site web de WALKSAFE de l'AUM. Il veille \u00e9galement \u00e0 ce que le mat\u00e9riel de bureau soit toujours \u00e0 jour et en bon \u00e9tat, supervise les projets d'am\u00e9nagement des espaces de travail et s'assure que la bo\u00eete \u00e0 collations soit toujours pleine\u00a0! Nick est b\u00e9n\u00e9vole chez WALKSAFE depuis 2021.<\/p>\n<\/div>\n\n\n\n<div class=\"wp-block-column is-layout-flow wp-block-column-is-layout-flow\">\n<figure class=\"wp-block-image size-large is-resized is-style-circle-mask\"><img loading=\"lazy\" decoding=\"async\" width=\"1024\" height=\"1011\" src=\"https:\/\/walksafe.ssmu.ca\/wp-content\/uploads\/2022\/12\/WS_Icon_COLOUR-1-1024x1011.png\" alt=\"\" class=\"wp-image-1854\" srcset=\"https:\/\/walksafe.ssmu.ca\/wp-content\/uploads\/2022\/12\/WS_Icon_COLOUR-1-1024x1011.png 1024w, https:\/\/walksafe.ssmu.ca\/wp-content\/uploads\/2022\/12\/WS_Icon_COLOUR-1-300x296.png 300w, https:\/\/walksafe.ssmu.ca\/wp-content\/uploads\/2022\/12\/WS_Icon_COLOUR-1-768x759.png 768w, https:\/\/walksafe.ssmu.ca\/wp-content\/uploads\/2022\/12\/WS_Icon_COLOUR-1-1536x1517.png 1536w, https:\/\/walksafe.ssmu.ca\/wp-content\/uploads\/2022\/12\/WS_Icon_COLOUR-1-2048x2023.png 2048w, https:\/\/walksafe.ssmu.ca\/wp-content\/uploads\/2022\/12\/WS_Icon_COLOUR-1-12x12.png 12w, https:\/\/walksafe.ssmu.ca\/wp-content\/uploads\/2022\/12\/WS_Icon_COLOUR-1-1200x1185.png 1200w, https:\/\/walksafe.ssmu.ca\/wp-content\/uploads\/2022\/12\/WS_Icon_COLOUR-1-1980x1956.png 1980w\" sizes=\"auto, (max-width: 1024px) 100vw, 1024px\" \/><\/figure>\n\n\n\n<p class=\"has-normal-font-size\"><span style=\"font-size: 14pt;\"><b>VP Community Relations<\/b><\/span><br><span style=\"font-size: 14pt;\"><span style=\"font-size: 14pt;\">This Position is Open<\/span><\/span><\/p>\n\n\n\n<p>Ce poste consiste \u00e0 assurer la communication avec les entreprises locales et la communaut\u00e9 du Grand Montr\u00e9al. La personne titulaire du poste recherche \u00e9galement des commanditaires locaux, financiers et mat\u00e9riels, pour les activit\u00e9s et les b\u00e9n\u00e9voles de WALKSAFE, et produit tout le mat\u00e9riel promotionnel. \u2026 est b\u00e9n\u00e9vole chez WALKSAFE depuis \u2026<\/p>\n<\/div>\n\n\n\n<div class=\"wp-block-column is-layout-flow wp-block-column-is-layout-flow\">\n<p class=\"has-normal-font-size\"><br><\/p>\n<\/div>\n\n\n\n<div class=\"wp-block-column is-layout-flow wp-block-column-is-layout-flow\"><\/div>\n<\/div>\n<\/div><\/div>","protected":false},"excerpt":{"rendered":"<p>SSMU WALKSAFE has been in operation since 1990 with the mission of creating a safer space for those within the McGill community providing them with a safe means to get to wherever they need to go. For more than thirty years, we&#8217;ve sported our easily-identifiable red jackets providing our peers with a safe way to get to where they need to go. Since then, we&#8217;ve grown, added a new service to our operations called WALKBuddies, and continued our mission that we consider to be a labour of love. Get to know the people who make it all happen below! See the Executive Team that gets everything ready and makes sure our big team of volunteers can contribute to the safety of our community. PresidentMathieu Pestel (he\/him) Mathieu oversees all operations related to WALKSAFE and supports each executive member with their individual duties. He acts as the designated representative for the&hellip;<\/p>\n<p> <a class=\"more-link\" href=\"https:\/\/walksafe.ssmu.ca\/fr\/about-us\/\">Read more<\/a><\/p>","protected":false},"author":108,"featured_media":0,"parent":0,"menu_order":0,"comment_status":"closed","ping_status":"closed","template":"","meta":{"_themeisle_gutenberg_block_has_review":false,"footnotes":""},"class_list":["post-1870","page","type-page","status-publish"],"_links":{"self":[{"href":"https:\/\/walksafe.ssmu.ca\/fr\/wp-json\/wp\/v2\/pages\/1870","targetHints":{"allow":["GET"]}}],"collection":[{"href":"https:\/\/walksafe.ssmu.ca\/fr\/wp-json\/wp\/v2\/pages"}],"about":[{"href":"https:\/\/walksafe.ssmu.ca\/fr\/wp-json\/wp\/v2\/types\/page"}],"author":[{"embeddable":true,"href":"https:\/\/walksafe.ssmu.ca\/fr\/wp-json\/wp\/v2\/users\/108"}],"replies":[{"embeddable":true,"href":"https:\/\/walksafe.ssmu.ca\/fr\/wp-json\/wp\/v2\/comments?post=1870"}],"version-history":[{"count":33,"href":"https:\/\/walksafe.ssmu.ca\/fr\/wp-json\/wp\/v2\/pages\/1870\/revisions"}],"predecessor-version":[{"id":2139,"href":"https:\/\/walksafe.ssmu.ca\/fr\/wp-json\/wp\/v2\/pages\/1870\/revisions\/2139"}],"wp:attachment":[{"href":"https:\/\/walksafe.ssmu.ca\/fr\/wp-json\/wp\/v2\/media?parent=1870"}],"curies":[{"name":"wp","href":"https:\/\/api.w.org\/{rel}","templated":true}]}}