{"id":342,"date":"2020-01-23T20:28:13","date_gmt":"2020-01-23T20:28:13","guid":{"rendered":"http:\/\/walksafe.ssmu.ca\/?page_id=342"},"modified":"2025-09-26T16:39:42","modified_gmt":"2025-09-26T20:39:42","slug":"volunteer","status":"publish","type":"page","link":"https:\/\/walksafe.ssmu.ca\/fr\/volunteer\/","title":{"rendered":"Devenir B\u00e9n\u00e9vole"},"content":{"rendered":"<p>Nos b\u00e9n\u00e9voles sont g\u00e9niaux! Ils sont au c\u0153ur de notre organisation. Ce sont eux qui permettent \u00e0 WALKSAFE de fonctionner chaque jour afin que l'on puisse accompagner en toute s\u00e9curit\u00e9 chaque \u00e9tudiant de McGill ou habitant de Montr\u00e9al qui d\u00e9sire ne pas marcher seul le soir. Ce sont eux \u00e9galement qui accompagnent les enfants vers leur garderie.<\/p>\n\n\n\n<p>Si am\u00e9liorer la s\u00e9curit\u00e9 au c\u0153ur de Montr\u00e9al et de McGill t'int\u00e9resse, que tu aimes aider les autres, et que tu aimes marcher, alors WALKSAFE est surement la communaut\u00e9 pour toi!<\/p>\n\n\n\n<div class=\"alignwide wp-block-ugb-feature-grid ugb-feature-grid ugb-ee5cae3 ugb-feature-grid--v2 ugb-feature-grid--columns-3 ugb-feature-grid--design-basic ugb-main-block\"><style>.ugb-ee5cae3 .ugb-feature-grid__item{border-radius:6px !important;background-color:#ffffff !important}.ugb-ee5cae3 .ugb-feature-grid__item:before{background-color:#ffffff !important}.ugb-ee5cae3 .ugb-img{width:124px;height:auto !important}.ugb-ee5cae3 .ugb-img,.ugb-ee5cae3 .ugb-feature-grid__image{margin-left:auto !important;margin-right:auto !important}.ugb-ee5cae3 .ugb-feature-grid__title{color:var(--stk-global-color-52325,#111111);text-align:center}.ugb-ee5cae3 .ugb-feature-grid__description{color:var(--stk-global-color-52325,#111111);text-align:center}.ugb-ee5cae3 .ugb-inner-block{text-align:center}.ugb-ee5cae3 .ugb-block-title{color:#000000}.ugb-ee5cae3 .ugb-block-description{font-size:15px !important;color:#000000}<\/style><div class=\"ugb-inner-block\"><h3 class=\"ugb-block-title ugb-block-title--with-subtitle\">Postes au sein d'AEUM WALKSAFE<\/h3><p class=\"ugb-block-description\">Vous \u00eates curieux de savoir ce que vous pouvez faire au sein de notre service\u00a0? Vous trouverez ci-dessous les postes de b\u00e9n\u00e9voles disponibles. <br><\/p><div class=\"ugb-block-content\"><div class=\"ugb-feature-grid__item ugb-feature-grid__item1 ugb--shadow-5\"><div class=\"ugb-feature-grid__image\"><img decoding=\"async\" class=\"ugb-img wp-image-1889\" src=\"http:\/\/walksafe.ssmu.ca\/wp-content\/uploads\/2022\/12\/3497825-150x150.jpg\" alt=\"Walker\" title=\"\" width=\"124\" srcset=\"https:\/\/walksafe.ssmu.ca\/wp-content\/uploads\/2022\/12\/3497825-150x150.jpg 150w, https:\/\/walksafe.ssmu.ca\/wp-content\/uploads\/2022\/12\/3497825-300x300.jpg 300w, https:\/\/walksafe.ssmu.ca\/wp-content\/uploads\/2022\/12\/3497825-1024x1024.jpg 1024w, https:\/\/walksafe.ssmu.ca\/wp-content\/uploads\/2022\/12\/3497825-768x768.jpg 768w, https:\/\/walksafe.ssmu.ca\/wp-content\/uploads\/2022\/12\/3497825-1536x1536.jpg 1536w, https:\/\/walksafe.ssmu.ca\/wp-content\/uploads\/2022\/12\/3497825-12x12.jpg 12w, https:\/\/walksafe.ssmu.ca\/wp-content\/uploads\/2022\/12\/3497825.jpg 2000w\" sizes=\"(max-width: 150px) 100vw, 150px\" \/><\/div><div class=\"ugb-feature-grid__content\"><h3 class=\"ugb-feature-grid__title\">Walker<\/h3><p class=\"ugb-feature-grid__description\">est un b\u00e9n\u00e9vole qui est dans le bureau de WALKSAFE jusqu'\u00e0 ce qu'un appel arrive. Les MARCHEURs sont toujours en \u00e9quipe de deux.<\/p><\/div><\/div><div class=\"ugb-feature-grid__item ugb-feature-grid__item2 ugb--shadow-5\"><div class=\"ugb-feature-grid__image\"><img decoding=\"async\" class=\"ugb-img wp-image-1888\" src=\"http:\/\/walksafe.ssmu.ca\/wp-content\/uploads\/2022\/12\/275-150x150.jpg\" alt=\"WALKBuddies Walker\" title=\"\" width=\"124\" srcset=\"https:\/\/walksafe.ssmu.ca\/wp-content\/uploads\/2022\/12\/275-150x150.jpg 150w, https:\/\/walksafe.ssmu.ca\/wp-content\/uploads\/2022\/12\/275-300x300.jpg 300w, https:\/\/walksafe.ssmu.ca\/wp-content\/uploads\/2022\/12\/275-1024x1024.jpg 1024w, https:\/\/walksafe.ssmu.ca\/wp-content\/uploads\/2022\/12\/275-768x768.jpg 768w, https:\/\/walksafe.ssmu.ca\/wp-content\/uploads\/2022\/12\/275-1536x1536.jpg 1536w, https:\/\/walksafe.ssmu.ca\/wp-content\/uploads\/2022\/12\/275-12x12.jpg 12w, https:\/\/walksafe.ssmu.ca\/wp-content\/uploads\/2022\/12\/275.jpg 2000w\" sizes=\"(max-width: 150px) 100vw, 150px\" \/><\/div><div class=\"ugb-feature-grid__content\"><h3 class=\"ugb-feature-grid__title\">WALKBuddies Walker<\/h3><p class=\"ugb-feature-grid__description\">est un b\u00e9n\u00e9vole qui accompagne les enfants de l'\u00e9cole \u00e9l\u00e9mentaire jusqu'\u00e0 leur garderie, du lundi au Vendredi, pendant l'ann\u00e9e scolaire.<\/p><\/div><\/div><div class=\"ugb-feature-grid__item ugb-feature-grid__item3 ugb--shadow-5\"><div class=\"ugb-feature-grid__image\"><img decoding=\"async\" class=\"ugb-img wp-image-1890\" src=\"http:\/\/walksafe.ssmu.ca\/wp-content\/uploads\/2022\/12\/Call-center-manager-taking-calls-150x150.jpg\" alt=\"Dispatcher\" title=\"\" width=\"124\"\/><\/div><div class=\"ugb-feature-grid__content\"><h3 class=\"ugb-feature-grid__title\">R\u00e9partiteur<\/h3><p class=\"ugb-feature-grid__description\">est un b\u00e9n\u00e9vole avec au moins un semestre d'exp\u00e9rience en tant que MARCHEUR. Les r\u00e9partiteurs sont post\u00e9s dans le bureau de WALKSAFE, r\u00e9pondent aux appels et r\u00e9partissent les MARCHEURs. Ils sont responsable de la logistique des op\u00e9rations de WALKSAFE en organisant les ressources humaines l\u00e0 o\u00f9 et lorsqu'elles sont n\u00e9cessaires.<\/p><\/div><\/div><\/div><\/div><\/div>\n\n\n\n<div class=\"wp-block-columns alignfull is-layout-flex wp-container-core-columns-is-layout-9d6595d7 wp-block-columns-is-layout-flex\">\n<div class=\"wp-block-column is-layout-flow wp-block-column-is-layout-flow\" style=\"flex-basis:20%\"><\/div>\n\n\n\n<div class=\"wp-block-column is-layout-flow wp-block-column-is-layout-flow\" style=\"flex-basis:60%\">\n<h4 class=\"wp-block-heading\">Int\u00e9ress\u00e9 par le b\u00e9n\u00e9volat?<\/h4>\n\n\n\n<p>Souhaitez-vous devenir membre de notre service\u00a0? Suivez ces \u00e9tapes pour vous inscrire. Remarque\u00a0: vous DEVEZ \u00eatre un \u00e9tudiant actuel de McGill pour faire du b\u00e9n\u00e9volat aupr\u00e8s de notre service.<\/p>\n\n\n\n<div class=\"wp-block-ugb-accordion ugb-accordion ugb-3ee2ce4 ugb-accordion--v2 ugb-accordion--design-basic ugb-main-block\" aria-expanded=\"false\"><div class=\"ugb-inner-block\"><div class=\"ugb-block-content\"><div class=\"ugb-accordion__item\"><div class=\"ugb-accordion__heading\" role=\"button\" tabindex=\"0\"><h4 class=\"ugb-accordion__title\">\u00c9tape 1 : Candidature en ligne<\/h4><svg xmlns=\"http:\/\/www.w3.org\/2000\/svg\" viewbox=\"0 0 20 20\" class=\"ugb-accordion__arrow\" width=\"20\" height=\"20\"><path d=\"M16.7 3.3L10 10 3.3 3.4 0 6.7l10 10v-.1l10-9.9z\"><\/path><\/svg><\/div><div class=\"ugb-accordion__content\" role=\"region\"><div class=\"ugb-accordion__content-inner\">\n<p>Nos r\u00e9seaux sociaux annonceront l'ouverture de notre cycle de recrutement, au d\u00e9but des trimestres d'automne ou d'hiver. Vous pourrez ensuite nous rencontrer lors de nos soir\u00e9es d'activit\u00e9s ou nous contacter pour toute question. N'h\u00e9sitez pas \u00e0 r\u00e9pondre \u00e0 nos questions du mieux que vous pouvez\u00a0!<\/p>\n\n\n\n<p><a href=\"https:\/\/forms.gle\/PZf5euSsU4zFRYhFA\" target=\"_blank\" rel=\"noreferrer noopener\">Les candidatures pour l'automne 2025 peuvent \u00eatre soumises ici<\/a><\/p>\n<\/div><\/div><\/div><\/div><\/div><\/div>\n\n\n\n<div class=\"wp-block-ugb-accordion ugb-accordion ugb-81c4027 ugb-accordion--v2 ugb-accordion--design-basic ugb-main-block\" aria-expanded=\"false\"><div class=\"ugb-inner-block\"><div class=\"ugb-block-content\"><div class=\"ugb-accordion__item\"><div class=\"ugb-accordion__heading\" role=\"button\" tabindex=\"0\"><h4 class=\"ugb-accordion__title\">\u00c9tape 2 : Entretien<\/h4><svg xmlns=\"http:\/\/www.w3.org\/2000\/svg\" viewbox=\"0 0 20 20\" class=\"ugb-accordion__arrow\" width=\"20\" height=\"20\"><path d=\"M16.7 3.3L10 10 3.3 3.4 0 6.7l10 10v-.1l10-9.9z\"><\/path><\/svg><\/div><div class=\"ugb-accordion__content\" role=\"region\"><div class=\"ugb-accordion__content-inner\">\n<p>Si ta candidature est s\u00e9lectionn\u00e9e, tu seras contact\u00e9 pour une entrevue lorsque toutes les candidatures auront \u00e9t\u00e9 examin\u00e9es. <\/p>\n<\/div><\/div><\/div><\/div><\/div><\/div>\n\n\n\n<div class=\"wp-block-ugb-accordion ugb-accordion ugb-94545d5 ugb-accordion--v2 ugb-accordion--design-basic ugb-main-block\" aria-expanded=\"false\"><div class=\"ugb-inner-block\"><div class=\"ugb-block-content\"><div class=\"ugb-accordion__item\"><div class=\"ugb-accordion__heading\" role=\"button\" tabindex=\"0\"><h4 class=\"ugb-accordion__title\">\u00c9tape 3 : Formation<\/h4><svg xmlns=\"http:\/\/www.w3.org\/2000\/svg\" viewbox=\"0 0 20 20\" class=\"ugb-accordion__arrow\" width=\"20\" height=\"20\"><path d=\"M16.7 3.3L10 10 3.3 3.4 0 6.7l10 10v-.1l10-9.9z\"><\/path><\/svg><\/div><div class=\"ugb-accordion__content\" role=\"region\"><div class=\"ugb-accordion__content-inner\">\n<p>Lorsque toutes les entrevues auront \u00e9t\u00e9 compl\u00e9t\u00e9es, le groupe de nouveaux volontaires sera s\u00e9lectionn\u00e9. Tous les nouveaux volontaires sont tenus d'assister \u00e0 la session de formation obligatoire. Des ateliers sp\u00e9cialis\u00e9s suppl\u00e9mentaires seront offert par d'autres organisations externes.<\/p>\n<\/div><\/div><\/div><\/div><\/div><\/div>\n\n\n\n<h4 class=\"wp-block-heading\">Vous avez encore d\u2019autres questions ?<\/h4>\n\n\n\n<p>Email <a href=\"mailto:internal@walksafe.ca\">internal@walksafe.ca<\/a> pour plus d'informations sur la fa\u00e7on de devenir b\u00e9n\u00e9vole SSMU WALKSAFE, ou envoyez-nous un DM sur Instagram !<\/p>\n<\/div>\n\n\n\n<div class=\"wp-block-column is-layout-flow wp-block-column-is-layout-flow\" style=\"flex-basis:20%\"><\/div>\n<\/div>\n\n\n\n<p><\/p>","protected":false},"excerpt":{"rendered":"<p>Our volunteers are pretty awesome; they&#8217;re also the heart of our organization. They make WALKSAFE function on a daily basis, so we can provide McGill students and Montrealers with a safe-walk when walking alone at night, and school children with a safe-walk route to their daycare. If you&#8217;re interested in improving the safety within McGill and Montreal, enjoy helping others, and love walking, then WALKSAFE just might be the community for you! Interested in Volunteering? Are you interested in becoming a member of our service? Follow these steps to apply for our service. Note: you MUST be a current McGill student to volunteer your time with our service. Still have more questions? Email internal@walksafe.ca for more information on how to be a SSMU WALKSAFE volunteer, or DM us on Instagram!<\/p>","protected":false},"author":108,"featured_media":1197,"parent":0,"menu_order":0,"comment_status":"closed","ping_status":"closed","template":"","meta":{"_themeisle_gutenberg_block_has_review":false,"footnotes":""},"class_list":["post-342","page","type-page","status-publish","has-post-thumbnail"],"_links":{"self":[{"href":"https:\/\/walksafe.ssmu.ca\/fr\/wp-json\/wp\/v2\/pages\/342","targetHints":{"allow":["GET"]}}],"collection":[{"href":"https:\/\/walksafe.ssmu.ca\/fr\/wp-json\/wp\/v2\/pages"}],"about":[{"href":"https:\/\/walksafe.ssmu.ca\/fr\/wp-json\/wp\/v2\/types\/page"}],"author":[{"embeddable":true,"href":"https:\/\/walksafe.ssmu.ca\/fr\/wp-json\/wp\/v2\/users\/108"}],"replies":[{"embeddable":true,"href":"https:\/\/walksafe.ssmu.ca\/fr\/wp-json\/wp\/v2\/comments?post=342"}],"version-history":[{"count":117,"href":"https:\/\/walksafe.ssmu.ca\/fr\/wp-json\/wp\/v2\/pages\/342\/revisions"}],"predecessor-version":[{"id":2123,"href":"https:\/\/walksafe.ssmu.ca\/fr\/wp-json\/wp\/v2\/pages\/342\/revisions\/2123"}],"wp:featuredmedia":[{"embeddable":true,"href":"https:\/\/walksafe.ssmu.ca\/fr\/wp-json\/wp\/v2\/media\/1197"}],"wp:attachment":[{"href":"https:\/\/walksafe.ssmu.ca\/fr\/wp-json\/wp\/v2\/media?parent=342"}],"curies":[{"name":"wp","href":"https:\/\/api.w.org\/{rel}","templated":true}]}}