{"id":357,"date":"2020-01-23T22:29:27","date_gmt":"2020-01-23T22:29:27","guid":{"rendered":"http:\/\/walksafe.ssmu.ca\/?page_id=357"},"modified":"2022-12-14T18:57:43","modified_gmt":"2022-12-14T23:57:43","slug":"faqs","status":"publish","type":"page","link":"https:\/\/walksafe.ssmu.ca\/fr\/faqs\/","title":{"rendered":"FAQ"},"content":{"rendered":"<div class=\"wp-block-group alignfull has-background\" style=\"background-color:#d12326\"><div class=\"wp-block-group__inner-container is-layout-flow wp-block-group-is-layout-flow\">\n<h5 class=\"has-text-align-center wp-block-heading\"><br><span style=\"color: #ffffff;\">Voici une liste de nos questions fr\u00e9quemment pos\u00e9es. <\/span><br><span style=\"color: #ffffff;\">Si vous ne trouvez pas de r\u00e9ponse \u00e0 votre question ici, veuillez <a style=\"color: #ffffff;\" href=\"mailto:executive@walksafe.ca\">nous contacter<\/a> .<\/span><br><span style=\"color: #cf2e2e;\" class=\"ugb-highlight\">.<\/span><\/h5>\n<\/div><\/div>\n\n\n\n<div class=\"wp-block-ugb-accordion ugb-accordion ugb-c3e49d1 ugb-accordion--v2 ugb-accordion--design-plain ugb-accordion--single-open ugb-main-block\" aria-expanded=\"false\"><style>.ugb-c3e49d1 .ugb-accordion__heading{flex-direction:row-reverse}.ugb-c3e49d1 .ugb-accordion__title{font-size:20px !important}.ugb-c3e49d1 .ugb-accordion__arrow{fill:#1abeeb}.ugb-c3e49d1 .ugb-accordion__item{border:none !important}.ugb-c3e49d1 .ugb-inner-block{text-align:left}<\/style><div class=\"ugb-inner-block\"><div class=\"ugb-block-content\"><div class=\"ugb-accordion__item\"><div class=\"ugb-accordion__heading\" role=\"button\" tabindex=\"0\"><h5 class=\"ugb-accordion__title\">J'ai besoin d'\u00eatre accompagn\u00e9. Comment est-ce que j'utilise votre service?<\/h5><svg viewbox=\"0 0 20 20\" xmlns=\"http:\/\/www.w3.org\/2000\/svg\" class=\"ugb-accordion__arrow\" width=\"20\" height=\"20\"><path d=\"M16.7 3.3L10 10 3.3 3.4 0 6.7l10 10v-.1l10-9.9z\"><\/path><\/svg><\/div><div class=\"ugb-accordion__content\" role=\"region\"><div class=\"ugb-accordion__content-inner\">\n<p>It\u2019s easy as 1-2-3. Call us at 514-398-2498 or <a href=\"https:\/\/walksafe.ssmu.ca\/fr\/book-now\/\" target=\"_blank\" rel=\"noreferrer noopener\">demander un accompagnement en ligne<\/a> during our operation hours, tell us your current location and destination, and we will dispatch a team of two volunteers to you.<\/p>\n<\/div><\/div><\/div><\/div><\/div><\/div>\n\n\n\n<div class=\"wp-block-ugb-accordion ugb-accordion ugb-0a5fe3c ugb-accordion--v2 ugb-accordion--design-plain ugb-accordion--single-open ugb-main-block\" aria-expanded=\"false\"><style>.ugb-0a5fe3c .ugb-accordion__heading{flex-direction:row-reverse}.ugb-0a5fe3c .ugb-accordion__title{font-size:20px !important}.ugb-0a5fe3c .ugb-accordion__arrow{fill:#1abeeb}.ugb-0a5fe3c .ugb-accordion__item{border:none !important}<\/style><div class=\"ugb-inner-block\"><div class=\"ugb-block-content\"><div class=\"ugb-accordion__item\"><div class=\"ugb-accordion__heading\" role=\"button\" tabindex=\"0\"><h5 class=\"ugb-accordion__title\">Comment de d\u00e9roule une marche accompagn\u00e9e?<\/h5><svg viewbox=\"0 0 20 20\" xmlns=\"http:\/\/www.w3.org\/2000\/svg\" class=\"ugb-accordion__arrow\" width=\"20\" height=\"20\"><path d=\"M16.7 3.3L10 10 3.3 3.4 0 6.7l10 10v-.1l10-9.9z\"><\/path><\/svg><\/div><div class=\"ugb-accordion__content\" role=\"region\"><div class=\"ugb-accordion__content-inner\">\n<p>Notre \u00e9quipe va vous rencontrer \u00e0 l'emplacement convenu et nous vous accompagnerons jusqu'\u00e0 votre destination. Si vous voulez discuter, nos b\u00e9n\u00e9voles seront heureux d'engager une conversation avec vous. Si vous pr\u00e9f\u00e9rez rester silencieux, \u00e7a marche aussi. <\/p>\n<\/div><\/div><\/div><\/div><\/div><\/div>\n\n\n\n<div class=\"wp-block-ugb-accordion ugb-accordion ugb-20d36e6 ugb-accordion--v2 ugb-accordion--design-plain ugb-accordion--single-open ugb-main-block\" aria-expanded=\"false\"><style>.ugb-20d36e6 .ugb-accordion__heading{flex-direction:row-reverse}.ugb-20d36e6 .ugb-accordion__title{font-size:20px !important}.ugb-20d36e6 .ugb-accordion__arrow{fill:#1abeeb}.ugb-20d36e6 .ugb-accordion__item{border:none !important}<\/style><div class=\"ugb-inner-block\"><div class=\"ugb-block-content\"><div class=\"ugb-accordion__item\"><div class=\"ugb-accordion__heading\" role=\"button\" tabindex=\"0\"><h5 class=\"ugb-accordion__title\">J'ai besoin de prendre les transports en commun. Est-ce que votre \u00e9quipe peut m'accompagner dans le m\u00e9tro?<\/h5><svg viewbox=\"0 0 20 20\" xmlns=\"http:\/\/www.w3.org\/2000\/svg\" class=\"ugb-accordion__arrow\" width=\"20\" height=\"20\"><path d=\"M16.7 3.3L10 10 3.3 3.4 0 6.7l10 10v-.1l10-9.9z\"><\/path><\/svg><\/div><div class=\"ugb-accordion__content\" role=\"region\"><div class=\"ugb-accordion__content-inner\">\n<p>Oui! Nous pouvons tout \u00e0 fait prendre les transports en commun avec vous. Cela dit, nous ne pouvons pas payer pour votre ticket. <\/p>\n<\/div><\/div><\/div><\/div><\/div><\/div>\n\n\n\n<div class=\"wp-block-ugb-accordion ugb-accordion ugb-faa0526 ugb-accordion--v2 ugb-accordion--design-plain ugb-accordion--single-open ugb-main-block\" aria-expanded=\"false\"><style>.ugb-faa0526 .ugb-accordion__heading{flex-direction:row-reverse}.ugb-faa0526 .ugb-accordion__title{font-size:20px !important}.ugb-faa0526 .ugb-accordion__arrow{fill:#1abeeb}.ugb-faa0526 .ugb-accordion__item{border:none !important}.ugb-faa0526 .ugb-inner-block{text-align:left}<\/style><div class=\"ugb-inner-block\"><div class=\"ugb-block-content\"><div class=\"ugb-accordion__item\"><div class=\"ugb-accordion__heading\" role=\"button\" tabindex=\"0\"><h5 class=\"ugb-accordion__title\">Si je prend un taxi ou un Uber, est-ce que WALKSAFE peut venir avec moi?<\/h5><svg viewbox=\"0 0 20 20\" xmlns=\"http:\/\/www.w3.org\/2000\/svg\" class=\"ugb-accordion__arrow\" width=\"20\" height=\"20\"><path d=\"M16.7 3.3L10 10 3.3 3.4 0 6.7l10 10v-.1l10-9.9z\"><\/path><\/svg><\/div><div class=\"ugb-accordion__content\" role=\"region\"><div class=\"ugb-accordion__content-inner\">\n<p>Bien s\u00fbr! Nous pouvons prendre un taxi ou un Uber avec vous, par contre, nous ne pouvons pas payer pour vous. Puisque nos \u00e9quipes sont toujours constitu\u00e9es de deux b\u00e9n\u00e9voles, veillez \u00e0 ce que le v\u00e9hicule ait assez de ceintures de s\u00e9curit\u00e9 pour vous, vos amis s'il y a lieu, et nos b\u00e9n\u00e9voles. <\/p>\n\n\n\n<p><\/p>\n<\/div><\/div><\/div><\/div><\/div><\/div>\n\n\n\n<div class=\"wp-block-ugb-accordion ugb-accordion ugb-b186d01 ugb-accordion--v2 ugb-accordion--design-plain ugb-accordion--single-open ugb-main-block\" aria-expanded=\"false\"><style>.ugb-b186d01 .ugb-accordion__heading{flex-direction:row-reverse}.ugb-b186d01 .ugb-accordion__title{font-size:20px !important}.ugb-b186d01 .ugb-accordion__arrow{fill:#1abeeb}.ugb-b186d01 .ugb-accordion__item{border:none !important}<\/style><div class=\"ugb-inner-block\"><div class=\"ugb-block-content\"><div class=\"ugb-accordion__item\"><div class=\"ugb-accordion__heading\" role=\"button\" tabindex=\"0\"><h5 class=\"ugb-accordion__title\">Je souhaite r\u00e9server WALKSAFE \u00e0 une heure pr\u00e9cise. Puis-je le faire?<\/h5><svg viewbox=\"0 0 20 20\" xmlns=\"http:\/\/www.w3.org\/2000\/svg\" class=\"ugb-accordion__arrow\" width=\"20\" height=\"20\"><path d=\"M16.7 3.3L10 10 3.3 3.4 0 6.7l10 10v-.1l10-9.9z\"><\/path><\/svg><\/div><div class=\"ugb-accordion__content\" role=\"region\"><div class=\"ugb-accordion__content-inner\">\n<p>Malheureusement, nous fonctionnons selon le principe du premier arriv\u00e9, premier servi. Nous ne r\u00e9servons pas de promenades \u00e0 l'avance. <\/p>\n\n\n\n<p><\/p>\n<\/div><\/div><\/div><\/div><\/div><\/div>\n\n\n\n<div class=\"wp-block-ugb-accordion ugb-accordion ugb-aa89cb4 ugb-accordion--v2 ugb-accordion--design-plain ugb-accordion--single-open ugb-main-block\" aria-expanded=\"false\"><style>.ugb-aa89cb4 .ugb-accordion__heading{flex-direction:row-reverse}.ugb-aa89cb4 .ugb-accordion__title{font-size:20px !important}.ugb-aa89cb4 .ugb-accordion__arrow{fill:#1abeeb}.ugb-aa89cb4 .ugb-accordion__item{border:none !important}<\/style><div class=\"ugb-inner-block\"><div class=\"ugb-block-content\"><div class=\"ugb-accordion__item\"><div class=\"ugb-accordion__heading\" role=\"button\" tabindex=\"0\"><h5 class=\"ugb-accordion__title\">D'o\u00f9 op\u00e9rez-vous exactement?<\/h5><svg viewbox=\"0 0 20 20\" xmlns=\"http:\/\/www.w3.org\/2000\/svg\" class=\"ugb-accordion__arrow\" width=\"20\" height=\"20\"><path d=\"M16.7 3.3L10 10 3.3 3.4 0 6.7l10 10v-.1l10-9.9z\"><\/path><\/svg><\/div><div class=\"ugb-accordion__content\" role=\"region\"><div class=\"ugb-accordion__content-inner\">\n<p>Nous sommes situ\u00e9s au 4e \u00e9tage du 3480 McTavish pour tous nos sessions r\u00e9guliers. Pour les sessions li\u00e9s aux \u00e9v\u00e9nements, nous intervenons sur place. <\/p>\n\n\n\n<p><\/p>\n<\/div><\/div><\/div><\/div><\/div><\/div>\n\n\n\n<div class=\"wp-block-ugb-accordion ugb-accordion ugb-2225891 ugb-accordion--v2 ugb-accordion--design-plain ugb-accordion--single-open ugb-main-block\" aria-expanded=\"false\"><style>.ugb-2225891 .ugb-accordion__heading{flex-direction:row-reverse}.ugb-2225891 .ugb-accordion__title{font-size:20px !important}.ugb-2225891 .ugb-accordion__arrow{fill:#1abeeb}.ugb-2225891 .ugb-accordion__item{border:none !important}<\/style><div class=\"ugb-inner-block\"><div class=\"ugb-block-content\"><div class=\"ugb-accordion__item\"><div class=\"ugb-accordion__heading\" role=\"button\" tabindex=\"0\"><h5 class=\"ugb-accordion__title\">Op\u00e9rez-vous pendant l'\u00e9t\u00e9 ou pendant les vacances?<\/h5><svg viewbox=\"0 0 20 20\" xmlns=\"http:\/\/www.w3.org\/2000\/svg\" class=\"ugb-accordion__arrow\" width=\"20\" height=\"20\"><path d=\"M16.7 3.3L10 10 3.3 3.4 0 6.7l10 10v-.1l10-9.9z\"><\/path><\/svg><\/div><div class=\"ugb-accordion__content\" role=\"region\"><div class=\"ugb-accordion__content-inner\">\n<p>Non. WALKSAFE n'op\u00e8re pas non plus pendant les jours f\u00e9ri\u00e9s du calendrier de McGill.<\/p>\n<\/div><\/div><\/div><\/div><\/div><\/div>\n\n\n\n<div class=\"wp-block-ugb-accordion ugb-accordion ugb-e0242ad ugb-accordion--v2 ugb-accordion--design-plain ugb-accordion--single-open ugb-main-block\" aria-expanded=\"false\"><style>.ugb-e0242ad .ugb-accordion__heading{flex-direction:row-reverse}.ugb-e0242ad .ugb-accordion__title{font-size:20px !important}.ugb-e0242ad .ugb-accordion__arrow{fill:#1abeeb}.ugb-e0242ad .ugb-accordion__item{border:none !important}<\/style><div class=\"ugb-inner-block\"><div class=\"ugb-block-content\"><div class=\"ugb-accordion__item\"><div class=\"ugb-accordion__heading\" role=\"button\" tabindex=\"0\"><h5 class=\"ugb-accordion__title\">Quand commencez-vous vos op\u00e9rations?<\/h5><svg viewbox=\"0 0 20 20\" xmlns=\"http:\/\/www.w3.org\/2000\/svg\" class=\"ugb-accordion__arrow\" width=\"20\" height=\"20\"><path d=\"M16.7 3.3L10 10 3.3 3.4 0 6.7l10 10v-.1l10-9.9z\"><\/path><\/svg><\/div><div class=\"ugb-accordion__content\" role=\"region\"><div class=\"ugb-accordion__content-inner\">\n<p>Nous commen\u00e7ons g\u00e9n\u00e9ralement nos activit\u00e9s la deuxi\u00e8me semaine du semestre d'automne et terminons le dernier jour de cours. En hiver, nous reprenons g\u00e9n\u00e9ralement la premi\u00e8re semaine de cours et terminons le dernier jour de cours. <\/p>\n\n\n\n<p><\/p>\n<\/div><\/div><\/div><\/div><\/div><\/div>\n\n\n\n<div class=\"wp-block-ugb-accordion ugb-accordion ugb-3082461 ugb-accordion--v2 ugb-accordion--design-plain ugb-accordion--single-open ugb-main-block\" aria-expanded=\"false\"><style>.ugb-3082461 .ugb-accordion__heading{flex-direction:row-reverse}.ugb-3082461 .ugb-accordion__title{font-size:20px !important}.ugb-3082461 .ugb-accordion__arrow{fill:#1abeeb}.ugb-3082461 .ugb-accordion__item{border:none !important}<\/style><div class=\"ugb-inner-block\"><div class=\"ugb-block-content\"><div class=\"ugb-accordion__item\"><div class=\"ugb-accordion__heading\" role=\"button\" tabindex=\"0\"><h5 class=\"ugb-accordion__title\">Op\u00e9rez-vous pendant la p\u00e9riode des examens?<\/h5><svg viewbox=\"0 0 20 20\" xmlns=\"http:\/\/www.w3.org\/2000\/svg\" class=\"ugb-accordion__arrow\" width=\"20\" height=\"20\"><path d=\"M16.7 3.3L10 10 3.3 3.4 0 6.7l10 10v-.1l10-9.9z\"><\/path><\/svg><\/div><div class=\"ugb-accordion__content\" role=\"region\"><div class=\"ugb-accordion__content-inner\">\n<p>Oui! En collaboration avec DriveSafe, nous offrons le service SafeHome. Nous sommes situ\u00e9s \u00e0 la biblioth\u00e8que McLennan-Redpath, avec des horaires sp\u00e9ciaux, o\u00f9 nous pouvons prendre des appels ou nous d\u00e9placer sans rendez-vous. Pour plus d'informations, consultez notre page Facebook pour obtenir les derni\u00e8res informations. <\/p>\n\n\n\n<p><\/p>\n<\/div><\/div><\/div><\/div><\/div><\/div>\n\n\n\n<div class=\"wp-block-ugb-accordion ugb-accordion ugb-d5332c0 ugb-accordion--v2 ugb-accordion--design-plain ugb-accordion--single-open ugb-main-block\" aria-expanded=\"false\"><style>.ugb-d5332c0 .ugb-accordion__heading{flex-direction:row-reverse}.ugb-d5332c0 .ugb-accordion__title{font-size:20px !important}.ugb-d5332c0 .ugb-accordion__arrow{fill:#1abeeb}.ugb-d5332c0 .ugb-accordion__item{border:none !important}<\/style><div class=\"ugb-inner-block\"><div class=\"ugb-block-content\"><div class=\"ugb-accordion__item\"><div class=\"ugb-accordion__heading\" role=\"button\" tabindex=\"0\"><h5 class=\"ugb-accordion__title\">Je vous ai besoin, mais WALKSAFE n'est pas pr\u00e9sentement disponible. Que faire?<\/h5><svg viewbox=\"0 0 20 20\" xmlns=\"http:\/\/www.w3.org\/2000\/svg\" class=\"ugb-accordion__arrow\" width=\"20\" height=\"20\"><path d=\"M16.7 3.3L10 10 3.3 3.4 0 6.7l10 10v-.1l10-9.9z\"><\/path><\/svg><\/div><div class=\"ugb-accordion__content\" role=\"region\"><div class=\"ugb-accordion__content-inner\">\n<p>Si vous habitez pr\u00e8s du campus, contactez le service de s\u00e9curit\u00e9 de McGill et un agent pourra vous raccompagner. Le num\u00e9ro du campus du centre-ville est le 514-398-3000. Le num\u00e9ro du campus Macdonald est le 514-398-7777. DriveSafe est un service gratuit de l'A\u00c9UM qui raccompagne les \u00e9tudiants chez eux les jeudis, vendredis et samedis de 23 h \u00e0 3 h. Leur num\u00e9ro est le 514-398-8040.<\/p>\n\n\n\n<p><\/p>\n<\/div><\/div><\/div><\/div><\/div><\/div>\n\n\n\n<div class=\"wp-block-ugb-accordion ugb-accordion ugb-74deb7b ugb-accordion--v2 ugb-accordion--design-plain ugb-accordion--single-open ugb-main-block\" aria-expanded=\"false\"><style>.ugb-74deb7b .ugb-accordion__heading{flex-direction:row-reverse}.ugb-74deb7b .ugb-accordion__title{font-size:20px !important}.ugb-74deb7b .ugb-accordion__arrow{fill:#1abeeb}.ugb-74deb7b .ugb-accordion__item{border:none !important}<\/style><div class=\"ugb-inner-block\"><div class=\"ugb-block-content\"><div class=\"ugb-accordion__item\"><div class=\"ugb-accordion__heading\" role=\"button\" tabindex=\"0\"><h5 class=\"ugb-accordion__title\">Comment puis-je m\u2019impliquer dans WALKSAFE?<\/h5><svg viewbox=\"0 0 20 20\" xmlns=\"http:\/\/www.w3.org\/2000\/svg\" class=\"ugb-accordion__arrow\" width=\"20\" height=\"20\"><path d=\"M16.7 3.3L10 10 3.3 3.4 0 6.7l10 10v-.1l10-9.9z\"><\/path><\/svg><\/div><div class=\"ugb-accordion__content\" role=\"region\"><div class=\"ugb-accordion__content-inner\">\n<p>Nous sommes toujours \u00e0 la recherche de nouveaux membres pour rejoindre notre service. Nous recrutons au d\u00e9but des semestres d'automne et d'hiver. N'h\u00e9sitez pas \u00e0 nous rendre visite lors de la soir\u00e9e d'activit\u00e9s, <a href=\"mailto:executive@walksafe.ca\">nous contacter<\/a>, ou envoyer un message via notre <a href=\"https:\/\/www.facebook.com\/SSMUWalksafe\/\">Page Facebook<\/a>. <\/p>\n\n\n\n<p><\/p>\n<\/div><\/div><\/div><\/div><\/div><\/div>\n\n\n\n<div class=\"wp-block-ugb-accordion ugb-accordion ugb-e79f896 ugb-accordion--v2 ugb-accordion--design-plain ugb-accordion--single-open ugb-main-block\" aria-expanded=\"false\"><style>.ugb-e79f896 .ugb-accordion__heading{flex-direction:row-reverse}.ugb-e79f896 .ugb-accordion__title{font-size:20px !important}.ugb-e79f896 .ugb-accordion__arrow{fill:#1abeeb}.ugb-e79f896 .ugb-accordion__item{border:none !important}<\/style><div class=\"ugb-inner-block\"><div class=\"ugb-block-content\"><div class=\"ugb-accordion__item\"><div class=\"ugb-accordion__heading\" role=\"button\" tabindex=\"0\"><h5 class=\"ugb-accordion__title\">Je souhaite r\u00e9server WALKSAFE pour un \u00e9v\u00e9nement. Comment faire?<\/h5><svg viewbox=\"0 0 20 20\" xmlns=\"http:\/\/www.w3.org\/2000\/svg\" class=\"ugb-accordion__arrow\" width=\"20\" height=\"20\"><path d=\"M16.7 3.3L10 10 3.3 3.4 0 6.7l10 10v-.1l10-9.9z\"><\/path><\/svg><\/div><div class=\"ugb-accordion__content\" role=\"region\"><div class=\"ugb-accordion__content-inner\">\n<p>C'est simple. Rendez-vous simplement sur notre page <a rel=\"noreferrer noopener\" href=\"https:\/\/walksafe.ssmu.ca\/fr\/book-walksafe\/\" target=\"_blank\">R\u00e9servations <\/a><a href=\"https:\/\/walksafe.ssmu.ca\/fr\/book-walksafe\/\" target=\"_blank\" rel=\"noreferrer noopener\">b<\/a><a rel=\"noreferrer noopener\" href=\"https:\/\/walksafe.ssmu.ca\/fr\/book-walksafe\/\" target=\"_blank\">d'\u00e9venement<\/a> et mettez vos infos. <\/p>\n<\/div><\/div><\/div><\/div><\/div><\/div>\n\n\n\n<div class=\"wp-block-ugb-accordion ugb-accordion ugb-5a2c0d5 ugb-accordion--v2 ugb-accordion--design-plain ugb-accordion--single-open ugb-main-block\" aria-expanded=\"false\"><style>.ugb-5a2c0d5 .ugb-accordion__heading{flex-direction:row-reverse}.ugb-5a2c0d5 .ugb-accordion__title{font-size:20px !important}.ugb-5a2c0d5 .ugb-accordion__arrow{fill:#1abeeb}.ugb-5a2c0d5 .ugb-accordion__item{border:none !important}<\/style><div class=\"ugb-inner-block\"><div class=\"ugb-block-content\"><div class=\"ugb-accordion__item\"><div class=\"ugb-accordion__heading\" role=\"button\" tabindex=\"0\"><h5 class=\"ugb-accordion__title\"><br>J'ai entendu parler d'un service appel\u00e9 DriveSafe. C'est vous?<\/h5><svg viewbox=\"0 0 20 20\" xmlns=\"http:\/\/www.w3.org\/2000\/svg\" class=\"ugb-accordion__arrow\" width=\"20\" height=\"20\"><path d=\"M16.7 3.3L10 10 3.3 3.4 0 6.7l10 10v-.1l10-9.9z\"><\/path><\/svg><\/div><div class=\"ugb-accordion__content\" role=\"region\"><div class=\"ugb-accordion__content-inner\">\n<p>Ils offrent un service tout aussi spectaculaire, mais nous sommes deux services distincts. Nous accompagnons les gens \u00e0 pied et ils les conduisent. Vous pouvez les d\u00e9couvrir sur le site web <a href=\"https:\/\/drivesafe.ssmu.ca\/\">DriveSafe<\/a> ou acc\u00e9dant la <a href=\"https:\/\/www.facebook.com\/McGillSSMUDriveSafe\/\">page Facebook DriveSafe<\/a>. <\/p>\n\n\n\n<p><\/p>\n<\/div><\/div><\/div><\/div><\/div><\/div>","protected":false},"excerpt":{"rendered":"<p>Here&#8217;s a list of our most frequently asked questions. If you don&#8217;t find an answer to your question here, please email us..<\/p>","protected":false},"author":108,"featured_media":0,"parent":0,"menu_order":0,"comment_status":"closed","ping_status":"closed","template":"","meta":{"_themeisle_gutenberg_block_has_review":false,"footnotes":""},"class_list":["post-357","page","type-page","status-publish"],"_links":{"self":[{"href":"https:\/\/walksafe.ssmu.ca\/fr\/wp-json\/wp\/v2\/pages\/357","targetHints":{"allow":["GET"]}}],"collection":[{"href":"https:\/\/walksafe.ssmu.ca\/fr\/wp-json\/wp\/v2\/pages"}],"about":[{"href":"https:\/\/walksafe.ssmu.ca\/fr\/wp-json\/wp\/v2\/types\/page"}],"author":[{"embeddable":true,"href":"https:\/\/walksafe.ssmu.ca\/fr\/wp-json\/wp\/v2\/users\/108"}],"replies":[{"embeddable":true,"href":"https:\/\/walksafe.ssmu.ca\/fr\/wp-json\/wp\/v2\/comments?post=357"}],"version-history":[{"count":62,"href":"https:\/\/walksafe.ssmu.ca\/fr\/wp-json\/wp\/v2\/pages\/357\/revisions"}],"predecessor-version":[{"id":1907,"href":"https:\/\/walksafe.ssmu.ca\/fr\/wp-json\/wp\/v2\/pages\/357\/revisions\/1907"}],"wp:attachment":[{"href":"https:\/\/walksafe.ssmu.ca\/fr\/wp-json\/wp\/v2\/media?parent=357"}],"curies":[{"name":"wp","href":"https:\/\/api.w.org\/{rel}","templated":true}]}}