{"id":463,"date":"2020-01-29T02:01:26","date_gmt":"2020-01-29T02:01:26","guid":{"rendered":"http:\/\/walksafe.ssmu.ca\/?page_id=463"},"modified":"2024-01-23T21:51:29","modified_gmt":"2024-01-24T02:51:29","slug":"contact","status":"publish","type":"page","link":"https:\/\/walksafe.ssmu.ca\/fr\/contact\/","title":{"rendered":"Nous Contacter"},"content":{"rendered":"<p><\/p>\n\n\n\n<div class=\"wp-block-columns alignwide is-layout-flex wp-container-core-columns-is-layout-9d6595d7 wp-block-columns-is-layout-flex\">\n<div class=\"wp-block-column is-layout-flow wp-block-column-is-layout-flow\" style=\"flex-basis:52%\">\n<h4>Entrer en contact<\/h4>\n<p><b>E-Mail<br \/><\/b><a href=\"mailto:executive@walksafe.ca\">executive@walksafe.ca<\/a><\/p>\n<p><span style=\"font-weight: 400;\"><b>Executive Emails:<\/b><br \/><\/span><span style=\"color: #000000;\"><b>President:<\/b> <a href=\"mailto:president@walksafe.ca\">president@walksafe.ca<\/a><\/span><br \/><b>VP Internal:<\/b> <a href=\"mailto:internal@walksafe.ca\">internal@walksafe.ca<\/a><br \/><b>VP Finance:<\/b> <a href=\"mailto:finance@walksafe.ca\">finance@walksafe.ca<\/a><br \/><b>VP External:<\/b> <a href=\"mailto:external@walksafe.ca\">external@walksafe.ca<\/a><br \/><b>VP Planification<\/b>: <a href=\"mailto:scheduling@walksafe.ca\">scheduling@walksafe.ca<\/a><br \/><b>VP Outreach:<\/b> <a href=\"mailto:outreach@walksafe.ca\">outreach@walksafe.ca<\/a><br \/><strong>VP Infrastructure:<\/strong> <a href=\"mailto:infrastructure@walksafe.ca\">infrastructure@walksafe.ca<\/a><br \/><b>Daycare Coordinator:<\/b> <a href=\"mailto:daycare@walksafe.ca\">daycare@walksafe.ca<\/a><\/p>\n<p><b>Telephone:<br \/><\/b>514.398.2498<\/p>\n<p><b> Adresse<\/b><br \/>3480 Mc Tavish St (Room 433)<br \/>Montreal, Quebec H3A 0E7<\/p>\n<p><span style=\"font-size: 12pt;\"><em><strong>Veuillez noter:<\/strong> Notre bureau n'est pas accessible, mais nous pouvons nous r\u00e9unir ailleurs.<\/em><\/span><\/p>\n<\/div>\n\n\n\n<div class=\"wp-block-column is-layout-flow wp-block-column-is-layout-flow\" style=\"flex-basis:48%\">\n<h4>Horaires de Service<\/h4>\n<p><b>Semestre d'automne et d'hiver<\/b> (sauf vacances de McGill)<br \/>Dimanche \u2013 Jeudi: 9 pm \u00e0 minuit<br \/>Vendredi \u2013 Samedi: 9 pm \u00e0 3 am<br \/><em><span style=\"font-size: 12pt;\"><strong>Veuillez noter:<\/strong> WALKSAFE n'est pas en service pendant le semestre d'\u00e9t\u00e9.<\/span><\/em><\/p>\n<p>Pour des informations \u00e0 jour sur les fermetures, <br \/>veuillez consulter notre page <a href=\"https:\/\/www.facebook.com\/SSMUWalksafe\">Facebook<\/a> .<\/p>\n<h4>Vous avez des commentaires ?<\/h4>\n<p>WALKSAFE s'engage \u00e0 offrir la meilleure exp\u00e9rience \u00e0 tous ceux qui utilisent et interagissent avec le service, d'une mani\u00e8re ou d'une autre. Maintenir une communication ouverte est essentiel au succ\u00e8s de notre service. C'est pourquoi nous appr\u00e9cions tous vos commentaires et suggestions pour nous aider \u00e0 mieux vous servir.<\/p>\n<p class=\"p1\">Tout commentaire soumis via ce formulaire est totalement anonyme. Aucun champ n'est obligatoire. N'h\u00e9sitez pas \u00e0 partager autant d'informations que vous le souhaitez.<\/p>\n\n\n\n<div class=\"wp-block-ugb-button ugb-button-wrapper ugb-42ebeea ugb-main-block\"><style>.ugb-42ebeea .ugb-block-content{justify-content:flex-start !important}.ugb-42ebeea .ugb-button1 .ugb-button--inner{font-family:\"Ubuntu\",Sans-serif !important;font-weight:700 !important}.ugb-42ebeea .ugb-button1{background-color:#1abeeb;padding-top:16px;padding-right:16px;padding-bottom:16px;padding-left:16px}.ugb-42ebeea .ugb-button1 .ugb-button--inner,.ugb-42ebeea .ugb-button1 svg:not(.ugb-custom-icon){color:#ffffff !important}.ugb-42ebeea .ugb-inner-block{text-align:left}<\/style><div class=\"ugb-inner-block\"><div class=\"ugb-block-content\"><div class=\"ugb-button-container\"><a class=\"ugb-button1 ugb-button ugb-button--size-small ugb-button--ghost-to-normal-effect ugb--hover-effect-scale-more\" href=\"https:\/\/docs.google.com\/forms\/d\/1hEGrHjkq2SuxSNDkjIqx8_nl9uubOh0GMYSjZb4hy3s\/viewform?ts=5e3086fa&amp;edit_requested=true\" rel=\"\" title=\"\"><span class=\"ugb-button--inner\">Formulaire de commentaires sur le service<\/span><\/a><\/div><\/div><\/div><\/div>\n<\/div>\n<\/div>","protected":false},"excerpt":{"rendered":"<p>Get in touch General Emailexecutive@walksafe.ca Executive Emails:President: president@walksafe.caVP Internal: internal@walksafe.caVP Finance: finance@walksafe.caVP External: external@walksafe.caVP Scheduling: scheduling@walksafe.caVP Outreach: outreach@walksafe.caVP Infrastructure: infrastructure@walksafe.caDaycare Coordinator: daycare@walksafe.ca Phone:514.398.2498 Address3480 Mc Tavish St (Room 433)Montreal, Quebec H3A 0E7 Please note: Our office is not accessible, but we are able to meet elsewhere. Hours of Operation Fall and Winter Semester (except for McGill Calendar Holidays)Sunday \u2013 Thursday: 9 pm to 12 amFriday \u2013 Saturday: 9 pm to 3 amPlease note: WALKSAFE does not operate during the summer semester. For up-to-date information on closures, please check our Facebook page. Got feedback? WALKSAFE is dedicated to providing the best experience to all who use and interact with the service in one way or another. It is essential to the success of our service that we maintain an open line of communication, and therefore, we welcome all feedback and suggestions to help us serve you better. Any feedback submitted through&hellip;<\/p>\n<p> <a class=\"more-link\" href=\"https:\/\/walksafe.ssmu.ca\/fr\/contact\/\">Read more<\/a><\/p>","protected":false},"author":1,"featured_media":0,"parent":0,"menu_order":0,"comment_status":"closed","ping_status":"closed","template":"","meta":{"_themeisle_gutenberg_block_has_review":false,"footnotes":""},"class_list":["post-463","page","type-page","status-publish"],"_links":{"self":[{"href":"https:\/\/walksafe.ssmu.ca\/fr\/wp-json\/wp\/v2\/pages\/463","targetHints":{"allow":["GET"]}}],"collection":[{"href":"https:\/\/walksafe.ssmu.ca\/fr\/wp-json\/wp\/v2\/pages"}],"about":[{"href":"https:\/\/walksafe.ssmu.ca\/fr\/wp-json\/wp\/v2\/types\/page"}],"author":[{"embeddable":true,"href":"https:\/\/walksafe.ssmu.ca\/fr\/wp-json\/wp\/v2\/users\/1"}],"replies":[{"embeddable":true,"href":"https:\/\/walksafe.ssmu.ca\/fr\/wp-json\/wp\/v2\/comments?post=463"}],"version-history":[{"count":90,"href":"https:\/\/walksafe.ssmu.ca\/fr\/wp-json\/wp\/v2\/pages\/463\/revisions"}],"predecessor-version":[{"id":2068,"href":"https:\/\/walksafe.ssmu.ca\/fr\/wp-json\/wp\/v2\/pages\/463\/revisions\/2068"}],"wp:attachment":[{"href":"https:\/\/walksafe.ssmu.ca\/fr\/wp-json\/wp\/v2\/media?parent=463"}],"curies":[{"name":"wp","href":"https:\/\/api.w.org\/{rel}","templated":true}]}}