{"id":580,"date":"2020-02-07T20:56:48","date_gmt":"2020-02-07T20:56:48","guid":{"rendered":"http:\/\/walksafe.ssmu.ca\/?page_id=580"},"modified":"2022-12-15T00:30:22","modified_gmt":"2022-12-15T05:30:22","slug":"walkbuddies","status":"publish","type":"page","link":"https:\/\/walksafe.ssmu.ca\/fr\/walkbuddies\/","title":{"rendered":"WALKBuddies"},"content":{"rendered":"<div class=\"wp-block-columns alignwide is-layout-flex wp-container-core-columns-is-layout-9d6595d7 wp-block-columns-is-layout-flex\">\n<div class=\"wp-block-column is-layout-flow wp-block-column-is-layout-flow\" style=\"flex-basis:10%\"><\/div>\n\n\n\n<div class=\"wp-block-column is-layout-flow wp-block-column-is-layout-flow\" style=\"flex-basis:80%\">\n<div class=\"wp-block-image\"><figure class=\"aligncenter\"><img loading=\"lazy\" decoding=\"async\" width=\"300\" height=\"76\" src=\"http:\/\/walksafe.ssmu.ca\/wp-content\/uploads\/2020\/01\/WSB_WS_300x76.jpg\" alt=\"\" class=\"wp-image-610\"\/><\/figure><\/div>\n\n\n\n<p><span style=\"font-family: Ubuntu;\"><\/span><\/p>\n\n\n\n<h4 class=\"wp-block-heading\">&nbsp;<\/h4>\n\n\n\n<h4 class=\"wp-block-heading\"><b>WALKBuddies : Le d\u00e9but<\/b><\/h4>\n\n\n\n<p><span style=\"font-weight: 400;\">En 2017, suite \u00e0 des compressions budg\u00e9taires ayant entra\u00een\u00e9 la suppression du service d'autobus qui transportait les \u00e9l\u00e8ves du primaire de l'\u00e9cole FACE, rue University, \u00e0 leur garderie parascolaire, le Service d'accueil du Centre multiethnique Saint-Louis a fait appel \u00e0 WALKSAFE dans l'espoir de cr\u00e9er un partenariat permettant aux b\u00e9n\u00e9voles de WALKSAFE d'accompagner les enfants de cinq \u00e0 douze ans \u00e0 leurs garderies, situ\u00e9es rue Saint-Urbain et rue Milton, en semaine. En 2020, ce partenariat a \u00e9t\u00e9 officiellement baptis\u00e9 WALKBuddies.&nbsp;<\/span><\/p>\n\n\n\n<h4 class=\"has-text-align-right wp-block-heading\"><b>Quoi est WALKBuddies<\/b><\/h4>\n\n\n\n<p class=\"has-text-align-right\"><span style=\"font-weight: 400;\">WALKBuddies est un partenariat entre WALKSAFE et le Service d'accueil du Centre multiethnique Saint-Louis. Ce service est offert tous les jours de la semaine, de 15 h \u00e0 15 h 30. Les b\u00e9n\u00e9voles de WALKBuddies accompagnent les jeunes enfants de l'\u00e9cole \u00e0 la garderie, faisant office de ramassage scolaire p\u00e9destre.<\/span><\/p>\n\n\n\n<h4 class=\"wp-block-heading\"><b>\u00c9nonc\u00e9 de mission<\/b><\/h4>\n\n\n\n<p><span style=\"font-weight: 400;\">WALKBuddies est une extension de WALKSAFE qui offre une assistance au Service d\u2019accueil du Centre Multi-Ethnique St-Louis pour accompagner les jeunes enfants \u00e0 leur garderie en toute s\u00e9curit\u00e9.<\/span><\/p>\n\n\n\n<h4 class=\"has-text-align-right wp-block-heading\"><b>Horaires de Service<\/b><\/h4>\n\n\n\n<p class=\"has-text-align-right\"><span style=\"font-weight: 400;\">WALKBuddies est ouvert cinq jours par semaine, du lundi au vendredi, de 15h00 \u00e0 15h30. WALKBuddies est ouvert toute l'ann\u00e9e scolaire FACE, sauf en cas de fermeture de l'\u00e9cole FACE.&nbsp;&nbsp;<\/span><\/p>\n\n\n\n<p class=\"has-text-align-right p1\"><span style=\"font-weight: 400;\">Si vous \u00eates int\u00e9ress\u00e9 par le b\u00e9n\u00e9volat, contactez-nous <\/span><a href=\"mailto:internal@walksafe.ca\"><span style=\"font-weight: 400;\">internal@walksafe.ca<\/span><\/a><span style=\"font-weight: 400;\"> ou si vous souhaitez en savoir plus sur le programme, contactez <\/span><a href=\"mailto:daycare@walksafe.ca\"><span style=\"font-weight: 400;\">daycare@walksafe.ca<\/span><\/a><span style=\"font-weight: 400;\">.&nbsp;&nbsp;<\/span><\/p>\n<\/div>\n\n\n\n<div class=\"wp-block-column is-layout-flow wp-block-column-is-layout-flow\" style=\"flex-basis:10%\"><\/div>\n<\/div>\n\n\n\n<div class=\"alignfull wp-block-ugb-count-up ugb-count-up ugb-f5b018e ugb-countup--v4 ugb-countup--columns-3 ugb-countup--design-plain-2 ugb-main-block ugb--has-custom-content-width ugb-main-block--inner-wide ugb--has-block-background\"><style>.ugb-f5b018e .ugb-countup__counter{font-family:\"Bebas Neue\",Sans-serif !important;font-size:85px !important;color:#1fcef4}.ugb-f5b018e .ugb-countup__title{color:#d12326}.ugb-f5b018e.ugb-count-up{background-color:#f3f3f3}.ugb-f5b018e.ugb-count-up > .ugb-inner-block{min-width:auto !important;max-width:66% !important}.ugb-f5b018e.ugb-count-up:before{background-color:#f3f3f3}.ugb-f5b018e .ugb-block-title{font-weight:bold !important;color:#6d6d6d}@media screen and (max-width:1025px){.ugb-f5b018e .ugb-countup__counter{font-size:50px !important}}<\/style><div class=\"ugb-inner-block ugb-inner-block--wide\"><h2 class=\"ugb-block-title\">Anecdotes sur WALKBuddies<\/h2><div class=\"ugb-block-content\"><div class=\"ugb-countup__item ugb-countup__item1\"><div class=\"ugb-countup__counter\" data-duration=\"1000\" data-delay=\"16\">12<\/div><h5 class=\"ugb-countup__title\">Les nouveaux WALKER font leurs premiers pas entre 9 et 12 mois\u2026 en moyenne<\/h5><\/div><div class=\"ugb-countup__item ugb-countup__item2\"><div class=\"ugb-countup__counter\" data-duration=\"1000\" data-delay=\"16\">1,400<\/div><h5 class=\"ugb-countup__title\">Le nombre de m\u00e8tres (1,4 km) consid\u00e9r\u00e9s comme praticables \u00e0 pied pour un enfant moyen de 10 ans se rendant \u00e0 l'\u00e9cole \u00e0 pied <\/h5><\/div><div class=\"ugb-countup__item ugb-countup__item3\"><div class=\"ugb-countup__counter\" data-duration=\"1000\" data-delay=\"16\">0<\/div><h5 class=\"ugb-countup__title\">Il n'y a pas eu d'enfants zombies dans The Walking Dead depuis la saison 6, \u00e9pisode 9... non pas qu'il y en ait eu beaucoup au d\u00e9part<\/h5><\/div><\/div><\/div><\/div>","protected":false},"excerpt":{"rendered":"<p>&nbsp; WALKBuddies: The Beginning In 2017, due to budget cuts which eliminated the bus service that transported elementary students from FACE school on University Street to their after-school daycare program, the Service d\u2019acceuil du Centre Multi-Ethnique St-Louis reached out to WALKSAFE in hopes of creating a partnership whereby WALKSAFE volunteers would accompany children aged five to twelve to their daycare facilities on Saint Urbain and Milton Street during the weekdays. In 2020, the partnership was officially named WALKBuddies.&nbsp; What is WALKBuddies? WALKBuddies is a partnership between WALKSAFE and the Service d\u2019acceuil du Centre Multi-Ethnique St-Louis. This service operates during the daytime every weekday between 3:00 PM and 3:30 PM. WALKBuddies volunteers walk young children to their daycare from their school with the program acting as a walking school bus. Mission Statement WALKBuddies is an extension of WALKSAFE that provides assistance to the Service d\u2019acceuil du Centre Multi-Ethnique St-Louis in walking&hellip;<\/p>\n<p> <a class=\"more-link\" href=\"https:\/\/walksafe.ssmu.ca\/fr\/walkbuddies\/\">Read more<\/a><\/p>","protected":false},"author":108,"featured_media":1270,"parent":0,"menu_order":0,"comment_status":"closed","ping_status":"closed","template":"","meta":{"_themeisle_gutenberg_block_has_review":false,"footnotes":""},"class_list":["post-580","page","type-page","status-publish","has-post-thumbnail"],"_links":{"self":[{"href":"https:\/\/walksafe.ssmu.ca\/fr\/wp-json\/wp\/v2\/pages\/580","targetHints":{"allow":["GET"]}}],"collection":[{"href":"https:\/\/walksafe.ssmu.ca\/fr\/wp-json\/wp\/v2\/pages"}],"about":[{"href":"https:\/\/walksafe.ssmu.ca\/fr\/wp-json\/wp\/v2\/types\/page"}],"author":[{"embeddable":true,"href":"https:\/\/walksafe.ssmu.ca\/fr\/wp-json\/wp\/v2\/users\/108"}],"replies":[{"embeddable":true,"href":"https:\/\/walksafe.ssmu.ca\/fr\/wp-json\/wp\/v2\/comments?post=580"}],"version-history":[{"count":45,"href":"https:\/\/walksafe.ssmu.ca\/fr\/wp-json\/wp\/v2\/pages\/580\/revisions"}],"predecessor-version":[{"id":1962,"href":"https:\/\/walksafe.ssmu.ca\/fr\/wp-json\/wp\/v2\/pages\/580\/revisions\/1962"}],"wp:featuredmedia":[{"embeddable":true,"href":"https:\/\/walksafe.ssmu.ca\/fr\/wp-json\/wp\/v2\/media\/1270"}],"wp:attachment":[{"href":"https:\/\/walksafe.ssmu.ca\/fr\/wp-json\/wp\/v2\/media?parent=580"}],"curies":[{"name":"wp","href":"https:\/\/api.w.org\/{rel}","templated":true}]}}