{"id":605,"date":"2020-01-31T21:27:00","date_gmt":"2020-01-31T21:27:00","guid":{"rendered":"http:\/\/walksafe.ssmu.ca\/?page_id=605"},"modified":"2022-12-14T23:58:41","modified_gmt":"2022-12-15T04:58:41","slug":"book-walksafe","status":"publish","type":"page","link":"https:\/\/walksafe.ssmu.ca\/fr\/book-walksafe\/","title":{"rendered":"Demander les services de WALKSAFE pour votre prochain \u00e9v\u00e9nement"},"content":{"rendered":"<div class=\"wp-block-columns alignfull is-layout-flex wp-container-core-columns-is-layout-9d6595d7 wp-block-columns-is-layout-flex\">\n<div class=\"wp-block-column is-layout-flow wp-block-column-is-layout-flow\" style=\"flex-basis:23.75%\"><\/div>\n\n\n\n<div class=\"wp-block-column is-layout-flow wp-block-column-is-layout-flow\" style=\"flex-basis:56.25%\">\n<p>L'\u00e9quipe de WALKSAFE est disponible pour les \u00e9v\u00e9nements de Facult\u00e9 et \u00e9tudiants. Pour r\u00e9server WALKSAFE, nous avons un pr\u00e9avis de deux semaines minimum afin de garantir notre pr\u00e9sence. Lorsque nous aurons re\u00e7u votre demande, le VP Externe vous contactera pour confirmer sous 2 jours ouvr\u00e9s.<\/p>\n\n\n\n<div style=\"height:42px\" aria-hidden=\"true\" class=\"wp-block-spacer\"><\/div>\n\n\n\n<h3 class=\"wp-block-heading\">Terms &amp; Conditions:<\/h3>\n\n\n\n<p>\u2022 I understand that WALKSAFE volunteers have the authority to reject any client, within reason and that WALKSAFE does not tolerate any abuse towards WALKSAFE volunteers. WALKSAFE volunteers reserve the right to leave the event at their own discretion if conditions are unfavourable.<br><br>\u2022 I understand that WALKSAFE begins operating at 9 PM, and therefore WALKSAFE volunteers will be dispatched at this time to head over to the event location.The exact time at which WALKSAFE volunteers will arrive will depend on the distance from the WALKSAFE office.<br><br>\u2022 I understand that WALKSAFE volunteers require a designated location near the entrance of the event that is easily accessible to the attendants participating.<br><br>\u2022 I understand that WALKSAFE volunteers will make rounds every 30 minutes.<br><br>\u2022 I understand that it is the responsibility of the event organizers to inform event security, all event organizers, and participants of WALKSAFE\u2019s presence.<br><br>\u2022\u00a0I understand that there may be a WALKSAFE shift change during the event.<\/p>\n\n\n\n<div style=\"height:49px\" aria-hidden=\"true\" class=\"wp-block-spacer\"><\/div>\n\n\n\n<p>Should you agree to the above terms and conditions, feel free to request our services, along with those from our friends at DriveSafe &amp; MSERT below. Talk soon!<\/p>\n<\/div>\n\n\n\n<div class=\"wp-block-column is-layout-flow wp-block-column-is-layout-flow\" style=\"flex-basis:20%\"><\/div>\n<\/div>\n\n\n\n<div class=\"wp-block-ugb-button ugb-button-wrapper ugb-a175ecf ugb-main-block\"><style>.ugb-a175ecf .ugb-button1 .ugb-button--inner{font-size:26px !important;font-weight:700 !important}.ugb-a175ecf .ugb-button1{background-color:#1abeeb}.ugb-a175ecf .ugb-button1 .ugb-button--inner,.ugb-a175ecf .ugb-button1 svg:not(.ugb-custom-icon){color:#ffffff !important}<\/style><div class=\"ugb-inner-block\"><div class=\"ugb-block-content\"><div class=\"ugb-button-container\"><a class=\"ugb-button1 ugb-button ugb-button--size-medium ugb--hover-effect-scale\" href=\"https:\/\/clubsportal.ssmu.ca\/safety-service-request-form-for-msert-walksafe-and-drivesafe\/\" rel=\"\" title=\"\"><span class=\"ugb-button--inner\">R\u00e9server WALKSAFE<\/span><\/a><\/div><\/div><\/div><\/div>","protected":false},"excerpt":{"rendered":"<p>The WALKSAFE team is available for Faculty and Student events. To book WALKSAFE, we require at least two weeks notice prior to an event to guarantee coverage. Upon receiving your request, the VP External will contact you to confirm within 2 business days. Terms &amp; Conditions: \u2022 I understand that WALKSAFE volunteers have the authority to reject any client, within reason and that WALKSAFE does not tolerate any abuse towards WALKSAFE volunteers. WALKSAFE volunteers reserve the right to leave the event at their own discretion if conditions are unfavourable. \u2022 I understand that WALKSAFE begins operating at 9 PM, and therefore WALKSAFE volunteers will be dispatched at this time to head over to the event location.The exact time at which WALKSAFE volunteers will arrive will depend on the distance from the WALKSAFE office. \u2022 I understand that WALKSAFE volunteers require a designated location near the entrance of the event that&hellip;<\/p>\n<p> <a class=\"more-link\" href=\"https:\/\/walksafe.ssmu.ca\/fr\/book-walksafe\/\">Read more<\/a><\/p>","protected":false},"author":108,"featured_media":0,"parent":0,"menu_order":0,"comment_status":"closed","ping_status":"closed","template":"","meta":{"_themeisle_gutenberg_block_has_review":false,"footnotes":""},"class_list":["post-605","page","type-page","status-publish"],"_links":{"self":[{"href":"https:\/\/walksafe.ssmu.ca\/fr\/wp-json\/wp\/v2\/pages\/605","targetHints":{"allow":["GET"]}}],"collection":[{"href":"https:\/\/walksafe.ssmu.ca\/fr\/wp-json\/wp\/v2\/pages"}],"about":[{"href":"https:\/\/walksafe.ssmu.ca\/fr\/wp-json\/wp\/v2\/types\/page"}],"author":[{"embeddable":true,"href":"https:\/\/walksafe.ssmu.ca\/fr\/wp-json\/wp\/v2\/users\/108"}],"replies":[{"embeddable":true,"href":"https:\/\/walksafe.ssmu.ca\/fr\/wp-json\/wp\/v2\/comments?post=605"}],"version-history":[{"count":29,"href":"https:\/\/walksafe.ssmu.ca\/fr\/wp-json\/wp\/v2\/pages\/605\/revisions"}],"predecessor-version":[{"id":1942,"href":"https:\/\/walksafe.ssmu.ca\/fr\/wp-json\/wp\/v2\/pages\/605\/revisions\/1942"}],"wp:attachment":[{"href":"https:\/\/walksafe.ssmu.ca\/fr\/wp-json\/wp\/v2\/media?parent=605"}],"curies":[{"name":"wp","href":"https:\/\/api.w.org\/{rel}","templated":true}]}}